{"id":485,"date":"2024-01-04T21:25:12","date_gmt":"2024-01-04T20:25:12","guid":{"rendered":"https:\/\/equitea.es\/site\/?page_id=485"},"modified":"2024-07-30T11:29:23","modified_gmt":"2024-07-30T09:29:23","slug":"politica-de-privacidad","status":"publish","type":"page","link":"https:\/\/equitea.es\/site\/politica-de-privacidad\/","title":{"rendered":"Pol\u00edtica de Privacidad"},"content":{"rendered":"\n<h1 class=\"wp-block-heading\"><strong>I.INFORMACI\u00d3N B\u00c1SICA<\/strong><\/h1>\n\n\n\n<p><strong>Informaci\u00f3n B\u00e1sica sobre la Protecci\u00f3n de Datos<\/strong><\/p>\n\n\n\n<h3 class=\"wp-block-heading\"><strong>-Responsable\/ Titular<\/strong><\/h3>\n\n\n\n<p>Los datos de car\u00e1cter personal que puedan ser facilitados a la Asociaci\u00f3n equiTEA\u00a0trav\u00e9s de su web, as\u00ed como aqu\u00e9llos recogidos a trav\u00e9s de Documentos impresos de Inscripci\u00f3n, u otros digitales enviados a trav\u00e9s de correo electr\u00f3nicos de nuestras cuentas de Google o Mailchimp, o nuestras Redes Sociales, ser\u00e1n incorporados a un fichero llamado \u00abFICHERO GESTI\u00d3N ALUMNOS, CLIENTES Y PROVEEDORES\u00bb, responsabilidad de la Asociaci\u00f3n equiTEA (en adelante <em><strong>equiTEA<\/strong><\/em>) con CIF: G- 90190471, y con direcci\u00f3n profesional en Camino de las Palmillas s\/n. Finca los Seises. Sanl\u00facar la Mayor. C.P.: 41800 de Sevilla.<\/p>\n\n\n\n<h3 class=\"wp-block-heading\"><strong>-Categor\u00eda de datos<\/strong><\/h3>\n\n\n\n<p>Datos de contacto y de car\u00e1cter identificativo, y otros datos personales que usted nos proporcione personalmente al inscribirse en nuestras actividades.<\/p>\n\n\n\n<h3 class=\"wp-block-heading\"><strong>-Finalidad<\/strong><\/h3>\n\n\n\n<p>Comunicaci\u00f3n de informaci\u00f3n sobre actividades, noticias relevantes, eventos y promociones.<\/p>\n\n\n\n<h3 class=\"wp-block-heading\"><strong>-Legitimaci\u00f3n<\/strong><\/h3>\n\n\n\n<p>De conformidad con lo dispuesto en el Reglamento (UE) 2016\/679 del Parlamento Europeo y del Consejo de 27 de abril de 2016 relativo a la protecci\u00f3n de las personas f\u00edsicas en lo que respecta al tratamiento de datos personales y a la libre circulaci\u00f3n de estos datos, y por el que se deroga la Directiva 95\/46\/CE (en adelante \u201cRGPD\u201d), y cualquier otra normativa de desarrollo, mediante la aceptaci\u00f3n de la presente Pol\u00edtica de Privacidad el usuario presta su consentimiento informado, expreso, libre e inequ\u00edvoco para que los datos personales que proporcione a trav\u00e9s de la navegaci\u00f3n en la p\u00e1gina web de equiTEA, nuestras Redes Sociales, correos electr\u00f3nicos o documentos impresos rellenos y firmados por usted, sean tratados por el Titular de la misma de conformidad con las finalidades indicadas a continuaci\u00f3n en la presente Pol\u00edtica de Privacidad.<\/p>\n\n\n\n<h3 class=\"wp-block-heading\"><strong>-Destinatarios<\/strong><\/h3>\n\n\n\n<p>No se efect\u00faan cesiones de datos a terceros, ni \u00e9stos se transfieren internacionalmente.<\/p>\n\n\n\n<h3 class=\"wp-block-heading\"><strong>-Derechos<\/strong><\/h3>\n\n\n\n<p>Puede ejercitar sus derechos de acceso, rectificaci\u00f3n, supresi\u00f3n, portabilidad y limitaci\u00f3n del tratamiento ante el responsable del tratamiento. Asimismo, podr\u00e1 revocar su consentimiento en cualquier momento mediante comunicaci\u00f3n dirigi\u00e9ndose a<strong> Asociaci\u00f3n equiTEA<\/strong> mediante correo electr\u00f3nico a las siguientes direcciones: <strong><a href=\"mailto:equipo.equitea@gmail.com\">equipo.equitea@gmail.com<\/a>, <\/strong><strong><a href=\"mailto:info@equitea.es\">info@equitea.es<\/a>.<\/strong><\/p>\n\n\n\n<h3 class=\"wp-block-heading\"><strong>-Procedencia<\/strong><\/h3>\n\n\n\n<p>S\u00f3lo tratamos los datos personales que usted nos facilite a trav\u00e9s de nuestra p\u00e1gina web, nuestras redes sociales, correos electr\u00f3nicos o documentos impresos rellenos y firmados pos usted.<\/p>\n\n\n\n<h3 class=\"wp-block-heading\"><strong>-Informaci\u00f3n adicional<\/strong><\/h3>\n\n\n\n<p>Puede encontrar m\u00e1s informaci\u00f3n a continuaci\u00f3n:<\/p>\n\n\n\n<h2 class=\"wp-block-heading\"><strong>II. INFORMACI\u00d3N DETALLADA<\/strong><\/h2>\n\n\n\n<p>La presente Pol\u00edtica de Privacidad describe la forma en que la Asociaci\u00f3n equiTEAtratar\u00e1 los datos de car\u00e1cter personal que usted nos proporcione.<\/p>\n\n\n\n<h3 class=\"wp-block-heading\"><strong>1. Datos personales que tratamos<\/strong><\/h3>\n\n\n\n<p>Nosotros tratamos los datos personales de car\u00e1cter identificativo y profesional que usted nos proporciona a trav\u00e9s de nuestra web <a href=\"http:\/\/www.equitea.es\/\"><strong>www.equitea.es<\/strong><\/a> o al suscribirse a nuestras actividades a trav\u00e9s de documentos de inscripci\u00f3n f\u00edsicos en los que se requiere su consentimiento expreso mediante su firma, o bien a trav\u00e9s de nuestras redes sociales, o los correos electr\u00f3nicos que usamos a trav\u00e9s de las aplicaciones de Google y\/o de Mailchimp. \u00c9stos gestores de correos electr\u00f3nicos cumplen tambi\u00e9n con las medidas de seguridad impuestas por la legislaci\u00f3n Europea. Por tanto, el usuario es consciente y acepta que sus datos personales ser\u00e1n almacenados para la suscripci\u00f3n y el env\u00edo de boletines electr\u00f3nicos.<\/p>\n\n\n\n<p>Nosotros podremos tratar las siguientes categor\u00edas de datos personales proporcionadas por usted al suscribirse a nuestro bolet\u00edn o newsletter a trav\u00e9s de la Web, Redes Sociales, Correos Electr\u00f3nicos o Documentos de Inscripci\u00f3n impresos:<\/p>\n\n\n\n<p>1. Datos de car\u00e1cter identificativo, como nombre, apellidos, tel\u00e9fono, correo electr\u00f3nico, direcci\u00f3n, c\u00f3digo postal, sexo y fecha de nacimiento.<\/p>\n\n\n\n<p>2. Datos de car\u00e1cter profesional, como empresa, cargo en la empresa y datos de contacto.<\/p>\n\n\n\n<p>3. Datos de car\u00e1cter m\u00e9dico para las actividades de intervenci\u00f3n terap\u00e9uticas.<\/p>\n\n\n\n<h3 class=\"wp-block-heading\"><strong>2. C\u00f3mo y con qu\u00e9 base tratamos sus datos personales<\/strong><\/h3>\n\n\n\n<p>Sus datos personales ser\u00e1n tratados para las finalidades y con las bases legitimadoras que se indican a continuaci\u00f3n:<\/p>\n\n\n\n<p>Enviarle comunicaciones comerciales y noticias en relaci\u00f3n a actividades, eventos y\/o promociones.<\/p>\n\n\n\n<p>Enviarle Informes de Evaluaci\u00f3n de logros alcanzados durante las actividades terap\u00e9uticas.<\/p>\n\n\n\n<h2 class=\"wp-block-heading\"><strong>III. SUS DERECHOS<\/strong><\/h2>\n\n\n\n<p>Usted tiene derecho a que la Asociaci\u00f3n equiTEA le confirme si se est\u00e1n tratando o no sus datos personales y, en su caso, a solicitar el acceso a los datos personales y a determinada informaci\u00f3n sobre el tratamiento (fines, categor\u00edas de datos tratados y destinatarios, entre otros aspectos) (Derecho de Acceso). Asimismo, tiene derecho a solicitar la rectificaci\u00f3n de los datos inexactos (Derecho de Rectificaci\u00f3n), as\u00ed como la supresi\u00f3n de los mismos cuando, entre otros motivos, \u00e9stos ya no sean necesarios para los fines para los que fueron recogidos (Derecho de Supresi\u00f3n). En determinadas circunstancias (por ejemplo, en caso de que el interesado impugne la exactitud de sus datos, mientras se verifica la exactitud de los mismos), usted podr\u00e1 solicitar que se limite el tratamiento de sus datos personales, siendo estos \u00fanicamente tratados para el ejercicio o la defensa de reclamaciones (Derecho a la Limitaci\u00f3n del Tratamiento). Finalmente, tiene usted la posibilidad de ejercer su Derecho a la Portabilidad de los datos, es decir, a recibir los datos personales en un formato estructurado, de uso com\u00fan y lectura mec\u00e1nica, y a transmitirlos a otro responsable del tratamiento sin que el responsable al que se los hubiera facilitado se lo impida, en los supuestos legalmente previstos a estos efectos.<\/p>\n\n\n\n<p>Usted podr\u00e1 ejercer sus derechos o revocar sus consentimientos prestados en la presente Pol\u00edtica en cualquier momento dirigi\u00e9ndose a <strong>Asociaci\u00f3n equiTEA <\/strong>mediante correo electr\u00f3nico a las siguientes direcciones: <strong><a href=\"mailto:equipo.equitea@gmail.com\">equipo.equitea@gmail.com<\/a>, <\/strong><a href=\"mailto:info@equitea.es\"><strong>info@equitea.es<\/strong><\/a><strong>. <\/strong>Tambi\u00e9n tendr\u00e1 derecho a presentar una reclamaci\u00f3n ante la Agencia Espa\u00f1ola de Protecci\u00f3n de Datos, especialmente cuando no haya recibido satisfacci\u00f3n en el ejercicio de sus derechos.<\/p>\n\n\n\n<h2 class=\"wp-block-heading\"><strong>IV. DESTINATARIOS DE SUS DATOS PERSONALES&nbsp;<\/strong><\/h2>\n\n\n\n<p>Nosotros no cedemos sus datos personales a ning\u00fan tercero, ni los transferimos internacionalmente.<\/p>\n\n\n\n<p>Sin perjuicio de lo anterior, sus datos ser\u00e1n accedidos por los siguientes prestadores de servicios profesionales que se requieren para llevar a cabo los tratamientos de datos que se recogen en el apartado segundo de esta Pol\u00edtica.<\/p>\n\n\n\n<h2 class=\"wp-block-heading\"><strong>V. CONSERVACI\u00d3N DE SUS DATOS PERSONALES&nbsp;<\/strong><\/h2>\n\n\n\n<p>Conservaremos sus datos personales mientras no revoque su consentimiento para el env\u00edo de la newsletter digital de Asociaci\u00f3n equiTEA y en su caso por el tiempo que resulte necesario para poder cumplir cualquier obligaci\u00f3n legal que se derive del tratamiento de los mismos. Transcurrido dicho plazo, sus datos ser\u00e1n suprimidos.<\/p>\n\n\n\n<h2 class=\"wp-block-heading\"><strong>VI. MEDIDAS DE SEGURIDAD<\/strong><\/h2>\n\n\n\n<p>Por \u00faltimo, le informamos que equiTEA tratar\u00e1 sus datos en todo momento de forma absolutamente confidencial y guardando el preceptivo deber de secreto respecto de los mismos, de conformidad con lo previsto en la normativa de aplicaci\u00f3n, adoptando al efecto las medidas de \u00edndole t\u00e9cnica y organizativas necesarias que garanticen la seguridad de sus datos y eviten su alteraci\u00f3n, perdida, tratamiento o acceso no autorizado, habida cuenta del estado de la tecnolog\u00eda, la naturaleza de los datos almacenados y los riesgos a los que est\u00e1n expuestos.<\/p>\n","protected":false},"excerpt":{"rendered":"<p>I.INFORMACI\u00d3N B\u00c1SICA Informaci\u00f3n B\u00e1sica sobre la Protecci\u00f3n de Datos -Responsable\/ Titular Los datos de car\u00e1cter personal que puedan ser facilitados a la Asociaci\u00f3n equiTEA\u00a0trav\u00e9s de su web, as\u00ed como aqu\u00e9llos recogidos a trav\u00e9s de Documentos impresos de Inscripci\u00f3n, u otros digitales enviados a trav\u00e9s de correo electr\u00f3nicos de nuestras cuentas de Google o Mailchimp, o [&hellip;]<\/p>\n","protected":false},"author":1,"featured_media":0,"parent":0,"menu_order":0,"comment_status":"closed","ping_status":"closed","template":"","meta":{"footnotes":""},"class_list":["post-485","page","type-page","status-publish","hentry"],"jetpack_sharing_enabled":true,"_links":{"self":[{"href":"https:\/\/equitea.es\/site\/wp-json\/wp\/v2\/pages\/485","targetHints":{"allow":["GET"]}}],"collection":[{"href":"https:\/\/equitea.es\/site\/wp-json\/wp\/v2\/pages"}],"about":[{"href":"https:\/\/equitea.es\/site\/wp-json\/wp\/v2\/types\/page"}],"author":[{"embeddable":true,"href":"https:\/\/equitea.es\/site\/wp-json\/wp\/v2\/users\/1"}],"replies":[{"embeddable":true,"href":"https:\/\/equitea.es\/site\/wp-json\/wp\/v2\/comments?post=485"}],"version-history":[{"count":2,"href":"https:\/\/equitea.es\/site\/wp-json\/wp\/v2\/pages\/485\/revisions"}],"predecessor-version":[{"id":534,"href":"https:\/\/equitea.es\/site\/wp-json\/wp\/v2\/pages\/485\/revisions\/534"}],"wp:attachment":[{"href":"https:\/\/equitea.es\/site\/wp-json\/wp\/v2\/media?parent=485"}],"curies":[{"name":"wp","href":"https:\/\/api.w.org\/{rel}","templated":true}]}}