{"id":372,"date":"2023-12-10T20:16:56","date_gmt":"2023-12-10T19:16:56","guid":{"rendered":"https:\/\/equitea.es\/site\/?page_id=372"},"modified":"2024-10-13T14:07:38","modified_gmt":"2024-10-13T12:07:38","slug":"terapias-asistidas-con-perros","status":"publish","type":"page","link":"https:\/\/equitea.es\/site\/servicios\/terapias-asistidas-con-perros\/","title":{"rendered":"Terapias asistidas con perros"},"content":{"rendered":"\n<div class=\"wp-block-group alignfull has-contrast-2-background-color has-background has-global-padding is-layout-constrained wp-container-core-group-is-layout-669513ed wp-block-group-is-layout-constrained\" style=\"margin-top:0;margin-bottom:0;padding-top:var(--wp--preset--spacing--50);padding-right:var(--wp--preset--spacing--50);padding-bottom:var(--wp--preset--spacing--50);padding-left:var(--wp--preset--spacing--50)\">\n<div class=\"wp-block-columns alignwide is-layout-flex wp-container-core-columns-is-layout-1da03c2a wp-block-columns-is-layout-flex\">\n<div class=\"wp-block-column is-vertically-aligned-stretch is-layout-flow wp-block-column-is-layout-flow\" style=\"flex-basis:50%\">\n<div class=\"wp-block-group is-vertical is-content-justification-stretch is-layout-flex wp-container-core-group-is-layout-444d5ee8 wp-block-group-is-layout-flex\" style=\"min-height:100%\">\n<p class=\"has-heading-font-family has-x-large-font-size\" style=\"line-height:1.2\">El <strong>Perro<\/strong> siempre ser\u00e1 el mejor amigo del hombre, y uno de los pocos seres capaces de amar fiel e incondicionalmente<\/p>\n\n\n\n<figure class=\"wp-block-image size-large is-style-rounded is-style-rounded--1\"><img data-recalc-dims=\"1\" loading=\"lazy\" decoding=\"async\" width=\"1024\" height=\"768\" src=\"https:\/\/i0.wp.com\/equitea.es\/site\/wp-content\/uploads\/2024\/01\/IMG_1192.jpg?resize=1024%2C768&#038;ssl=1\" alt=\"\" class=\"wp-image-455\" srcset=\"https:\/\/i0.wp.com\/equitea.es\/site\/wp-content\/uploads\/2024\/01\/IMG_1192-scaled.jpg?resize=1024%2C768&amp;ssl=1 1024w, https:\/\/i0.wp.com\/equitea.es\/site\/wp-content\/uploads\/2024\/01\/IMG_1192-scaled.jpg?resize=300%2C225&amp;ssl=1 300w, https:\/\/i0.wp.com\/equitea.es\/site\/wp-content\/uploads\/2024\/01\/IMG_1192-scaled.jpg?resize=768%2C576&amp;ssl=1 768w, https:\/\/i0.wp.com\/equitea.es\/site\/wp-content\/uploads\/2024\/01\/IMG_1192-scaled.jpg?resize=1536%2C1152&amp;ssl=1 1536w, https:\/\/i0.wp.com\/equitea.es\/site\/wp-content\/uploads\/2024\/01\/IMG_1192-scaled.jpg?resize=2048%2C1536&amp;ssl=1 2048w\" sizes=\"auto, (max-width: 1000px) 100vw, 1000px\" \/><\/figure>\n\n\n\n<div class=\"wp-block-group has-global-padding is-content-justification-left is-layout-constrained wp-container-core-group-is-layout-9fe8ed88 wp-block-group-is-layout-constrained\">\n<p class=\"wp-container-content-0733e5d0\"><\/p>\n\n\n\n<div class=\"wp-block-buttons is-layout-flex wp-block-buttons-is-layout-flex\"><\/div>\n<\/div>\n<\/div>\n<\/div>\n\n\n\n<div class=\"wp-block-column is-vertically-aligned-center is-layout-flow wp-block-column-is-layout-flow\" style=\"flex-basis:50%\">\n<figure class=\"wp-block-image size-large is-style-rounded is-style-rounded--2\"><img data-recalc-dims=\"1\" loading=\"lazy\" decoding=\"async\" width=\"768\" height=\"1024\" src=\"https:\/\/i0.wp.com\/equitea.es\/site\/wp-content\/uploads\/2023\/12\/IMG_7285.jpg?resize=768%2C1024&#038;ssl=1\" alt=\"\" class=\"wp-image-373\" style=\"aspect-ratio:3\/4;object-fit:cover\" srcset=\"https:\/\/i0.wp.com\/equitea.es\/site\/wp-content\/uploads\/2023\/12\/IMG_7285.jpg?resize=768%2C1024&amp;ssl=1 768w, https:\/\/i0.wp.com\/equitea.es\/site\/wp-content\/uploads\/2023\/12\/IMG_7285.jpg?resize=225%2C300&amp;ssl=1 225w, https:\/\/i0.wp.com\/equitea.es\/site\/wp-content\/uploads\/2023\/12\/IMG_7285.jpg?resize=1152%2C1536&amp;ssl=1 1152w, https:\/\/i0.wp.com\/equitea.es\/site\/wp-content\/uploads\/2023\/12\/IMG_7285.jpg?w=1536&amp;ssl=1 1536w\" sizes=\"auto, (max-width: 768px) 100vw, 768px\" \/><\/figure>\n<\/div>\n<\/div>\n<\/div>\n\n\n\n<div class=\"wp-block-group alignfull has-base-2-background-color has-background has-global-padding is-layout-constrained wp-container-core-group-is-layout-d89aad35 wp-block-group-is-layout-constrained\" style=\"margin-top:0;margin-bottom:0;padding-top:var(--wp--preset--spacing--50);padding-right:var(--wp--preset--spacing--50);padding-bottom:var(--wp--preset--spacing--50);padding-left:var(--wp--preset--spacing--50)\">\n<div class=\"wp-block-columns alignwide is-layout-flex wp-container-core-columns-is-layout-549b0c86 wp-block-columns-is-layout-flex\">\n<div class=\"wp-block-column has-global-padding is-content-justification-left is-layout-constrained wp-container-core-column-is-layout-4f15e8fe wp-block-column-is-layout-constrained\" style=\"flex-basis:40%\">\n<figure class=\"wp-block-image size-large is-style-rounded is-style-rounded--3\"><img data-recalc-dims=\"1\" loading=\"lazy\" decoding=\"async\" width=\"768\" height=\"1024\" src=\"https:\/\/i0.wp.com\/equitea.es\/site\/wp-content\/uploads\/2024\/01\/IMG_6600.jpeg?resize=768%2C1024&#038;ssl=1\" alt=\"\" class=\"wp-image-453\" srcset=\"https:\/\/i0.wp.com\/equitea.es\/site\/wp-content\/uploads\/2024\/01\/IMG_6600.jpeg?resize=768%2C1024&amp;ssl=1 768w, https:\/\/i0.wp.com\/equitea.es\/site\/wp-content\/uploads\/2024\/01\/IMG_6600.jpeg?resize=225%2C300&amp;ssl=1 225w, https:\/\/i0.wp.com\/equitea.es\/site\/wp-content\/uploads\/2024\/01\/IMG_6600.jpeg?resize=1152%2C1536&amp;ssl=1 1152w, https:\/\/i0.wp.com\/equitea.es\/site\/wp-content\/uploads\/2024\/01\/IMG_6600.jpeg?w=1536&amp;ssl=1 1536w\" sizes=\"auto, (max-width: 768px) 100vw, 768px\" \/><\/figure>\n\n\n\n<figure class=\"wp-block-image size-large is-style-rounded is-style-rounded--4\"><img data-recalc-dims=\"1\" loading=\"lazy\" decoding=\"async\" width=\"768\" height=\"1024\" src=\"https:\/\/i0.wp.com\/equitea.es\/site\/wp-content\/uploads\/2024\/01\/IMG_1091.jpg?resize=768%2C1024&#038;ssl=1\" alt=\"\" class=\"wp-image-454\" srcset=\"https:\/\/i0.wp.com\/equitea.es\/site\/wp-content\/uploads\/2024\/01\/IMG_1091-scaled.jpg?resize=768%2C1024&amp;ssl=1 768w, https:\/\/i0.wp.com\/equitea.es\/site\/wp-content\/uploads\/2024\/01\/IMG_1091-scaled.jpg?resize=225%2C300&amp;ssl=1 225w, https:\/\/i0.wp.com\/equitea.es\/site\/wp-content\/uploads\/2024\/01\/IMG_1091-scaled.jpg?resize=1152%2C1536&amp;ssl=1 1152w, https:\/\/i0.wp.com\/equitea.es\/site\/wp-content\/uploads\/2024\/01\/IMG_1091-scaled.jpg?resize=1536%2C2048&amp;ssl=1 1536w, https:\/\/i0.wp.com\/equitea.es\/site\/wp-content\/uploads\/2024\/01\/IMG_1091-scaled.jpg?w=1920&amp;ssl=1 1920w\" sizes=\"auto, (max-width: 768px) 100vw, 768px\" \/><\/figure>\n<\/div>\n\n\n\n<div class=\"wp-block-column is-layout-flow wp-container-core-column-is-layout-119bc444 wp-block-column-is-layout-flow\" style=\"flex-basis:60%\">\n<p class=\"has-heading-font-family has-x-large-font-size\" style=\"line-height:1.2\">Unido a sus cualidades f\u00edsicas, sociales y emocionales, hacen que el contacto e interacci\u00f3n con ellos proporcione innumerables beneficios observables en la salud y en la calidad de vida a corto plazo <\/p>\n\n\n\n<div class=\"wp-block-columns is-layout-flex wp-container-core-columns-is-layout-87beb0d0 wp-block-columns-is-layout-flex\">\n<div class=\"wp-block-column is-layout-flow wp-block-column-is-layout-flow\">\n<p class=\"wp-container-content-9cfa9a5a\">..aumento de la atenci\u00f3n, motivaci\u00f3n y memoria, sensaciones de calma, alegr\u00eda y disminuci\u00f3n del estr\u00e9s y de sus m\u00faltiples variables negativas, facilitador social, catalizador de emociones, reforzador de conductas, etc.<\/p>\n<\/div>\n\n\n\n<div class=\"wp-block-column is-layout-flow wp-block-column-is-layout-flow\">\n<p>En <strong>equiTEA<\/strong> podr\u00e1s disfrutarlo en un ambiente natural, al aire libre y, por supuesto, con los mejores profesionales especializados, y realizar diferentes actividades con <strong>fines did\u00e1cticos y terap\u00e9uticos con tu amigo peludo<\/strong>, lo que te impulsar\u00e1 para desarrollarlas con \u00e9xito y adem\u00e1s forjar un importante e inolvidable lazo de uni\u00f3n con otro ser vivo.<\/p>\n<\/div>\n<\/div>\n<\/div>\n<\/div>\n<\/div>\n\n\n\n<div class=\"wp-block-group alignfull has-global-padding is-layout-constrained wp-container-core-group-is-layout-669513ed wp-block-group-is-layout-constrained\" style=\"margin-top:0;margin-bottom:0;padding-top:var(--wp--preset--spacing--50);padding-right:var(--wp--preset--spacing--50);padding-bottom:var(--wp--preset--spacing--50);padding-left:var(--wp--preset--spacing--50)\">\n<div class=\"wp-block-group is-vertical is-content-justification-center is-layout-flex wp-container-core-group-is-layout-ce155fab wp-block-group-is-layout-flex\">\n<h2 class=\"wp-block-heading has-text-align-center has-xx-large-font-size\">Galer\u00eda<\/h2>\n<\/div>\n\n\n\n<div style=\"height:var(--wp--preset--spacing--30)\" aria-hidden=\"true\" class=\"wp-block-spacer\"><\/div>\n\n\n\n<div class=\"wp-block-columns alignwide is-layout-flex wp-container-core-columns-is-layout-4935966c wp-block-columns-is-layout-flex\" style=\"padding-right:0;padding-left:0\">\n<div class=\"wp-block-column is-layout-flow wp-block-column-is-layout-flow\">\n<figure class=\"wp-block-image size-full is-style-rounded is-style-rounded--5\"><img data-recalc-dims=\"1\" loading=\"lazy\" decoding=\"async\" width=\"2083\" height=\"2560\" src=\"https:\/\/i0.wp.com\/equitea.es\/site\/wp-content\/uploads\/2023\/12\/IMG_E1054-scaled.jpg?resize=2083%2C2560&#038;ssl=1\" alt=\"\" class=\"wp-image-284\" style=\"aspect-ratio:1;object-fit:cover\" srcset=\"https:\/\/i0.wp.com\/equitea.es\/site\/wp-content\/uploads\/2023\/12\/IMG_E1054-scaled.jpg?w=2083&amp;ssl=1 2083w, https:\/\/i0.wp.com\/equitea.es\/site\/wp-content\/uploads\/2023\/12\/IMG_E1054-scaled.jpg?resize=244%2C300&amp;ssl=1 244w, https:\/\/i0.wp.com\/equitea.es\/site\/wp-content\/uploads\/2023\/12\/IMG_E1054-scaled.jpg?resize=833%2C1024&amp;ssl=1 833w, https:\/\/i0.wp.com\/equitea.es\/site\/wp-content\/uploads\/2023\/12\/IMG_E1054-scaled.jpg?resize=768%2C944&amp;ssl=1 768w, https:\/\/i0.wp.com\/equitea.es\/site\/wp-content\/uploads\/2023\/12\/IMG_E1054-scaled.jpg?resize=1250%2C1536&amp;ssl=1 1250w, https:\/\/i0.wp.com\/equitea.es\/site\/wp-content\/uploads\/2023\/12\/IMG_E1054-scaled.jpg?resize=1667%2C2048&amp;ssl=1 1667w, https:\/\/i0.wp.com\/equitea.es\/site\/wp-content\/uploads\/2023\/12\/IMG_E1054-scaled.jpg?w=2000&amp;ssl=1 2000w\" sizes=\"auto, (max-width: 1000px) 100vw, 1000px\" \/><\/figure>\n<\/div>\n\n\n\n<div class=\"wp-block-column is-layout-flow wp-block-column-is-layout-flow\">\n<figure class=\"wp-block-image size-full is-style-rounded is-style-rounded--6\"><img data-recalc-dims=\"1\" loading=\"lazy\" decoding=\"async\" width=\"1536\" height=\"2048\" src=\"https:\/\/i0.wp.com\/equitea.es\/site\/wp-content\/uploads\/2023\/12\/IMG_0766.jpg?resize=1536%2C2048&#038;ssl=1\" alt=\"\" class=\"wp-image-375\" style=\"aspect-ratio:1;object-fit:cover\" srcset=\"https:\/\/i0.wp.com\/equitea.es\/site\/wp-content\/uploads\/2023\/12\/IMG_0766.jpg?w=1536&amp;ssl=1 1536w, https:\/\/i0.wp.com\/equitea.es\/site\/wp-content\/uploads\/2023\/12\/IMG_0766.jpg?resize=225%2C300&amp;ssl=1 225w, https:\/\/i0.wp.com\/equitea.es\/site\/wp-content\/uploads\/2023\/12\/IMG_0766.jpg?resize=768%2C1024&amp;ssl=1 768w, https:\/\/i0.wp.com\/equitea.es\/site\/wp-content\/uploads\/2023\/12\/IMG_0766.jpg?resize=1152%2C1536&amp;ssl=1 1152w\" sizes=\"auto, (max-width: 1000px) 100vw, 1000px\" \/><\/figure>\n<\/div>\n\n\n\n<div class=\"wp-block-column is-layout-flow wp-block-column-is-layout-flow\">\n<figure class=\"wp-block-image size-full is-style-rounded is-style-rounded--7\"><img data-recalc-dims=\"1\" loading=\"lazy\" decoding=\"async\" width=\"908\" height=\"1024\" src=\"https:\/\/i0.wp.com\/equitea.es\/site\/wp-content\/uploads\/2024\/01\/3bd683a0-5143-44d1-a88f-c61c8258af4f.jpg?resize=908%2C1024&#038;ssl=1\" alt=\"\" class=\"wp-image-450\" style=\"aspect-ratio:1;object-fit:cover\" srcset=\"https:\/\/i0.wp.com\/equitea.es\/site\/wp-content\/uploads\/2024\/01\/3bd683a0-5143-44d1-a88f-c61c8258af4f.jpg?w=908&amp;ssl=1 908w, https:\/\/i0.wp.com\/equitea.es\/site\/wp-content\/uploads\/2024\/01\/3bd683a0-5143-44d1-a88f-c61c8258af4f.jpg?resize=266%2C300&amp;ssl=1 266w, https:\/\/i0.wp.com\/equitea.es\/site\/wp-content\/uploads\/2024\/01\/3bd683a0-5143-44d1-a88f-c61c8258af4f.jpg?resize=768%2C866&amp;ssl=1 768w\" sizes=\"auto, (max-width: 908px) 100vw, 908px\" \/><\/figure>\n<\/div>\n\n\n\n<div class=\"wp-block-column is-layout-flow wp-block-column-is-layout-flow\">\n<figure class=\"wp-block-image size-full is-style-rounded is-style-rounded--8\"><img data-recalc-dims=\"1\" loading=\"lazy\" decoding=\"async\" width=\"768\" height=\"1024\" src=\"https:\/\/i0.wp.com\/equitea.es\/site\/wp-content\/uploads\/2024\/01\/de1d1a5a-aaa7-469f-b332-e11c48fe16e6.jpg?resize=768%2C1024&#038;ssl=1\" alt=\"\" class=\"wp-image-452\" style=\"aspect-ratio:1;object-fit:cover\" srcset=\"https:\/\/i0.wp.com\/equitea.es\/site\/wp-content\/uploads\/2024\/01\/de1d1a5a-aaa7-469f-b332-e11c48fe16e6.jpg?w=768&amp;ssl=1 768w, https:\/\/i0.wp.com\/equitea.es\/site\/wp-content\/uploads\/2024\/01\/de1d1a5a-aaa7-469f-b332-e11c48fe16e6.jpg?resize=225%2C300&amp;ssl=1 225w\" sizes=\"auto, (max-width: 768px) 100vw, 768px\" \/><\/figure>\n<\/div>\n<\/div>\n<\/div>\n\n\n\n<div class=\"wp-block-group alignfull has-global-padding is-layout-constrained wp-container-core-group-is-layout-d89aad35 wp-block-group-is-layout-constrained\" style=\"margin-top:0;margin-bottom:0;padding-top:var(--wp--preset--spacing--50);padding-right:var(--wp--preset--spacing--50);padding-bottom:var(--wp--preset--spacing--50);padding-left:var(--wp--preset--spacing--50)\"><\/div>\n","protected":false},"excerpt":{"rendered":"<p>El Perro siempre ser\u00e1 el mejor amigo del hombre, y uno de los pocos seres capaces de amar fiel e incondicionalmente Unido a sus cualidades f\u00edsicas, sociales y emocionales, hacen que el contacto e interacci\u00f3n con ellos proporcione innumerables beneficios observables en la salud y en la calidad de vida a corto plazo ..aumento de [&hellip;]<\/p>\n","protected":false},"author":2,"featured_media":0,"parent":103,"menu_order":6,"comment_status":"closed","ping_status":"closed","template":"","meta":{"footnotes":""},"class_list":["post-372","page","type-page","status-publish","hentry"],"jetpack_sharing_enabled":true,"_links":{"self":[{"href":"https:\/\/equitea.es\/site\/wp-json\/wp\/v2\/pages\/372","targetHints":{"allow":["GET"]}}],"collection":[{"href":"https:\/\/equitea.es\/site\/wp-json\/wp\/v2\/pages"}],"about":[{"href":"https:\/\/equitea.es\/site\/wp-json\/wp\/v2\/types\/page"}],"author":[{"embeddable":true,"href":"https:\/\/equitea.es\/site\/wp-json\/wp\/v2\/users\/2"}],"replies":[{"embeddable":true,"href":"https:\/\/equitea.es\/site\/wp-json\/wp\/v2\/comments?post=372"}],"version-history":[{"count":6,"href":"https:\/\/equitea.es\/site\/wp-json\/wp\/v2\/pages\/372\/revisions"}],"predecessor-version":[{"id":597,"href":"https:\/\/equitea.es\/site\/wp-json\/wp\/v2\/pages\/372\/revisions\/597"}],"up":[{"embeddable":true,"href":"https:\/\/equitea.es\/site\/wp-json\/wp\/v2\/pages\/103"}],"wp:attachment":[{"href":"https:\/\/equitea.es\/site\/wp-json\/wp\/v2\/media?parent=372"}],"curies":[{"name":"wp","href":"https:\/\/api.w.org\/{rel}","templated":true}]}}