{"id":364,"date":"2023-12-08T22:39:22","date_gmt":"2023-12-08T21:39:22","guid":{"rendered":"https:\/\/equitea.es\/site\/?page_id=364"},"modified":"2026-04-12T13:23:16","modified_gmt":"2026-04-12T11:23:16","slug":"formacion-de-profesionales","status":"publish","type":"page","link":"https:\/\/equitea.es\/site\/servicios\/formacion-de-profesionales\/","title":{"rendered":"Formaci\u00f3n de Profesionales"},"content":{"rendered":"\n<div class=\"wp-block-group alignfull has-base-2-background-color has-background has-global-padding is-layout-constrained wp-container-core-group-is-layout-669513ed wp-block-group-is-layout-constrained\" style=\"margin-top:0;margin-bottom:0;padding-top:var(--wp--preset--spacing--50);padding-right:var(--wp--preset--spacing--50);padding-bottom:var(--wp--preset--spacing--50);padding-left:var(--wp--preset--spacing--50)\">\n<div class=\"wp-block-columns alignwide is-layout-flex wp-container-core-columns-is-layout-1da03c2a wp-block-columns-is-layout-flex\">\n<div class=\"wp-block-column is-vertically-aligned-stretch is-layout-flow wp-block-column-is-layout-flow\" style=\"flex-basis:50%\">\n<div class=\"wp-block-group is-vertical is-content-justification-stretch is-layout-flex wp-container-core-group-is-layout-444d5ee8 wp-block-group-is-layout-flex\" style=\"min-height:100%\">\n<p class=\"has-heading-font-family has-x-large-font-size\" style=\"line-height:1.2\">Para nosotros es vital la cualificaci\u00f3n profesional para una intervenci\u00f3n de calidad.<\/p>\n\n\n\n<figure class=\"wp-block-image size-full is-style-default\"><img data-recalc-dims=\"1\" loading=\"lazy\" decoding=\"async\" width=\"1024\" height=\"1024\" src=\"https:\/\/i0.wp.com\/equitea.es\/site\/wp-content\/uploads\/2026\/02\/CARTEL-CURSO-MARZO26.png?resize=1024%2C1024&#038;ssl=1\" alt=\"\" class=\"wp-image-681\" srcset=\"https:\/\/i0.wp.com\/equitea.es\/site\/wp-content\/uploads\/2026\/02\/CARTEL-CURSO-MARZO26.png?w=1024&amp;ssl=1 1024w, https:\/\/i0.wp.com\/equitea.es\/site\/wp-content\/uploads\/2026\/02\/CARTEL-CURSO-MARZO26.png?resize=300%2C300&amp;ssl=1 300w, https:\/\/i0.wp.com\/equitea.es\/site\/wp-content\/uploads\/2026\/02\/CARTEL-CURSO-MARZO26.png?resize=150%2C150&amp;ssl=1 150w, https:\/\/i0.wp.com\/equitea.es\/site\/wp-content\/uploads\/2026\/02\/CARTEL-CURSO-MARZO26.png?resize=768%2C768&amp;ssl=1 768w\" sizes=\"auto, (max-width: 1000px) 100vw, 1000px\" \/><\/figure>\n\n\n\n<div class=\"wp-block-group has-global-padding is-content-justification-left is-layout-constrained wp-container-core-group-is-layout-9fe8ed88 wp-block-group-is-layout-constrained\">\n<p class=\"wp-container-content-0733e5d0\">Uno de nuestros objetivos principales es la formaci\u00f3n especializada para optimizar al m\u00e1ximo el trabajo con las personas y los animales.<\/p>\n\n\n\n<div class=\"wp-block-buttons is-layout-flex wp-block-buttons-is-layout-flex\"><\/div>\n<\/div>\n<\/div>\n<\/div>\n\n\n\n<div class=\"wp-block-column is-vertically-aligned-center is-layout-flow wp-block-column-is-layout-flow\" style=\"flex-basis:50%\"><\/div>\n<\/div>\n<\/div>\n\n\n\n<div class=\"wp-block-group alignfull has-base-background-color has-background has-global-padding is-layout-constrained wp-container-core-group-is-layout-d89aad35 wp-block-group-is-layout-constrained\" style=\"margin-top:0;margin-bottom:0;padding-top:var(--wp--preset--spacing--50);padding-right:var(--wp--preset--spacing--50);padding-bottom:var(--wp--preset--spacing--50);padding-left:var(--wp--preset--spacing--50)\">\n<div class=\"wp-block-columns alignwide is-layout-flex wp-container-core-columns-is-layout-549b0c86 wp-block-columns-is-layout-flex\">\n<div class=\"wp-block-column has-global-padding is-content-justification-left is-layout-constrained wp-container-core-column-is-layout-4f15e8fe wp-block-column-is-layout-constrained\" style=\"flex-basis:40%\">\n<p class=\"has-text-align-left\">Despu\u00e9s de 13 a\u00f1os de trabajo como Asociaci\u00f3n dedicada a las <em>Intervenciones Asistidas con Caballos<\/em>, m\u00e1s otros 6 de experiencia en el \u00e1mbito de las Terapias Ecuestres, suman ya casi 20 a\u00f1os en los que apoyarnos para transmitir nuestros conocimientos a otras personas curiosas y apasionadas de este precioso trabajo, que busca el t\u00e1ndem perfecto entre personas y animales en el contexto natural para la rehabilitaci\u00f3n y la reeducaci\u00f3n positiva integral. Es una gran responsabilidad que asumimos, y hemos buscado sobre todo la excelencia en la calidad de los contenidos tanto te\u00f3ricos como pr\u00e1cticos.<\/p>\n\n\n\n<p class=\"has-text-align-left\">Esta 13\u00aa edici\u00f3n de nuestra Formaci\u00f3n como <em>Auxiliar de Terapias Ecuestres<\/em>, os permitir\u00e1 conocer y acceder al Mundo Ecuestre Psicopedag\u00f3gico, entender porqu\u00e9 los caballos y el contexto natural son los compa\u00f1eros perfectos para desarrollar y rehabilitar ciertas aptitudes f\u00edsicas, cognitivas y emocionales, de la mano de profesionales del \u00e1mbito de la Sanidad y Educaci\u00f3n. As\u00ed como conocer los innumerables beneficios de incluir al Caballo y la biomec\u00e1nica de sus movimientos para la intervenci\u00f3n con personas con discapacidad intelectual, dificultades emocionales y\/o sociales, y qu\u00e9 aspectos deben saber manejar los profesionales que se dediquen a ello.<\/p>\n\n\n\n<ul class=\"wp-block-list\">\n<li><strong>MODALIDAD PRESENCIAL INTENSIVO: 6, 7 y 8 de Marzo de 202<\/strong>6<\/li>\n\n\n\n<li><strong>MODALIDAD \u00abA TU RITMO\u00bb: Teor\u00eda online +     2 tardes presencial a elegir de martes a viernes <\/strong><\/li>\n<\/ul>\n<\/div>\n\n\n\n<div class=\"wp-block-column is-layout-flow wp-container-core-column-is-layout-119bc444 wp-block-column-is-layout-flow\" style=\"flex-basis:60%\">\n<p class=\"has-heading-font-family has-x-large-font-size\" style=\"line-height:1.2\">Por eso, nos llena de satisfacci\u00f3n, a la vez que es una enorme responsabilidad que nos tomamos muy en serio, poder compartir nuestros conocimientos y modelos de intervenci\u00f3n con personas que tengan inter\u00e9s, curiosidad y sobre todo vocaci\u00f3n por esta profesi\u00f3n tan hermosa y gratificante.<\/p>\n\n\n\n<div class=\"wp-block-columns is-layout-flex wp-container-core-columns-is-layout-87beb0d0 wp-block-columns-is-layout-flex\">\n<div class=\"wp-block-column is-layout-flow wp-block-column-is-layout-flow\">\n<p><strong>*Cursos:<\/strong><\/p>\n\n\n\n<p><em>&#8211; Auxiliar de Terapias Ecuestres, Nivel I: Equitaci\u00f3n Terap\u00e9utica, Introducci\u00f3n a las Intervenciones Psicopedag\u00f3gicas Asistidas con Caballos<\/em><\/p>\n\n\n\n<p><em>&#8211; Auxiliar de Terapias Ecuestres, Nivel II: Hipoterapia, Introducci\u00f3n a las Intervenciones en Patolog\u00edas F\u00edsicas Asistidas con Caballos<\/em><\/p>\n\n\n\n<p><strong>*Pr\u00e1cticas Curriculares Universitarias y de Formaci\u00f3n Profesional<\/strong><\/p>\n\n\n\n<p><strong>*Programa de Voluntariado<\/strong><\/p>\n<\/div>\n\n\n\n<div class=\"wp-block-column is-layout-flow wp-block-column-is-layout-flow\">\n<p>En <strong>equiTEA<\/strong> hemos establecido numerosos Convenios de Colaboraci\u00f3n con diferentes Universidades, Entidades Formativas Especializadas, Asociaciones y Fundaciones para que sea posible ofrecer <strong>Cursos, Pr\u00e1cticas y Actividades de Voluntariado<\/strong> con fundamento y acreditaci\u00f3n.<\/p>\n\n\n\n<p><strong>Consulta sin compromiso cualquier cuesti\u00f3n que te surja, o ven a conocernos personalmente y te lo explicaremos todo al detalle.. estamos seguros de que ser\u00e1 un aprendizaje incre\u00edble que no decepcionar\u00e1! <\/strong><\/p>\n<\/div>\n<\/div>\n\n\n\n<figure class=\"wp-block-image size-full is-resized is-style-default\"><img data-recalc-dims=\"1\" loading=\"lazy\" decoding=\"async\" width=\"533\" height=\"755\" src=\"https:\/\/i0.wp.com\/equitea.es\/site\/wp-content\/uploads\/2023\/12\/2023-EQUITEA_sello.jpg?resize=533%2C755&#038;ssl=1\" alt=\"\" class=\"wp-image-314\" style=\"width:399px;height:auto\" srcset=\"https:\/\/i0.wp.com\/equitea.es\/site\/wp-content\/uploads\/2023\/12\/2023-EQUITEA_sello.jpg?w=533&amp;ssl=1 533w, https:\/\/i0.wp.com\/equitea.es\/site\/wp-content\/uploads\/2023\/12\/2023-EQUITEA_sello.jpg?resize=212%2C300&amp;ssl=1 212w\" sizes=\"auto, (max-width: 533px) 100vw, 533px\" \/><\/figure>\n\n\n\n<figure class=\"wp-block-image size-full is-resized\"><a href=\"https:\/\/www.escuelaveterinariamasterd.es\/cursos-veterinaria?piloto=90\" target=\"_blank\" rel=\"noopener\"><img data-recalc-dims=\"1\" loading=\"lazy\" decoding=\"async\" width=\"570\" height=\"233\" src=\"https:\/\/i0.wp.com\/equitea.es\/site\/wp-content\/uploads\/2024\/01\/BANNER-570X233.jpg?resize=570%2C233&#038;ssl=1\" alt=\"\" class=\"wp-image-501\" style=\"width:406px;height:auto\" srcset=\"https:\/\/i0.wp.com\/equitea.es\/site\/wp-content\/uploads\/2024\/01\/BANNER-570X233.jpg?resize=570%2C233&amp;ssl=1 570w, https:\/\/i0.wp.com\/equitea.es\/site\/wp-content\/uploads\/2024\/01\/BANNER-570X233.jpg?resize=300%2C123&amp;ssl=1 300w\" sizes=\"auto, (max-width: 570px) 100vw, 570px\" \/><\/a><\/figure>\n\n\n\n<figure class=\"wp-block-image size-full is-resized\"><img data-recalc-dims=\"1\" loading=\"lazy\" decoding=\"async\" width=\"300\" height=\"250\" src=\"https:\/\/i0.wp.com\/equitea.es\/site\/wp-content\/uploads\/2024\/02\/banner.png?resize=300%2C250&#038;ssl=1\" alt=\"\" class=\"wp-image-504\" style=\"width:406px;height:auto\"\/><\/figure>\n<\/div>\n<\/div>\n<\/div>\n\n\n\n<div class=\"wp-block-group alignfull has-contrast-2-background-color has-background has-global-padding is-layout-constrained wp-container-core-group-is-layout-669513ed wp-block-group-is-layout-constrained\" style=\"margin-top:0;margin-bottom:0;padding-top:var(--wp--preset--spacing--50);padding-right:var(--wp--preset--spacing--50);padding-bottom:var(--wp--preset--spacing--50);padding-left:var(--wp--preset--spacing--50)\">\n<div class=\"wp-block-group is-vertical is-content-justification-center is-layout-flex wp-container-core-group-is-layout-ce155fab wp-block-group-is-layout-flex\">\n<h2 class=\"wp-block-heading has-text-align-center has-xx-large-font-size\">Cursos realizados<\/h2>\n\n\n\n<p class=\"has-text-align-center\"><\/p>\n<\/div>\n\n\n\n<div style=\"height:var(--wp--preset--spacing--30)\" aria-hidden=\"true\" class=\"wp-block-spacer\"><\/div>\n\n\n\n<div class=\"wp-block-columns alignwide is-layout-flex wp-container-core-columns-is-layout-4935966c wp-block-columns-is-layout-flex\" style=\"padding-right:0;padding-left:0\">\n<div class=\"wp-block-column is-layout-flow wp-block-column-is-layout-flow\">\n<figure class=\"wp-block-image size-full is-style-rounded is-style-rounded--1\"><img data-recalc-dims=\"1\" loading=\"lazy\" decoding=\"async\" width=\"2048\" height=\"1417\" src=\"https:\/\/i0.wp.com\/equitea.es\/site\/wp-content\/uploads\/2023\/12\/FB_IMG_1508768906883.jpg?resize=2048%2C1417&#038;ssl=1\" alt=\"\" class=\"wp-image-365\" style=\"aspect-ratio:1;object-fit:cover\" srcset=\"https:\/\/i0.wp.com\/equitea.es\/site\/wp-content\/uploads\/2023\/12\/FB_IMG_1508768906883.jpg?w=2048&amp;ssl=1 2048w, https:\/\/i0.wp.com\/equitea.es\/site\/wp-content\/uploads\/2023\/12\/FB_IMG_1508768906883.jpg?resize=300%2C208&amp;ssl=1 300w, https:\/\/i0.wp.com\/equitea.es\/site\/wp-content\/uploads\/2023\/12\/FB_IMG_1508768906883.jpg?resize=1024%2C709&amp;ssl=1 1024w, https:\/\/i0.wp.com\/equitea.es\/site\/wp-content\/uploads\/2023\/12\/FB_IMG_1508768906883.jpg?resize=768%2C531&amp;ssl=1 768w, https:\/\/i0.wp.com\/equitea.es\/site\/wp-content\/uploads\/2023\/12\/FB_IMG_1508768906883.jpg?resize=1536%2C1063&amp;ssl=1 1536w\" sizes=\"auto, (max-width: 1000px) 100vw, 1000px\" \/><\/figure>\n<\/div>\n\n\n\n<div class=\"wp-block-column is-layout-flow wp-block-column-is-layout-flow\">\n<figure class=\"wp-block-image size-full is-style-rounded is-style-rounded--2\"><img data-recalc-dims=\"1\" loading=\"lazy\" decoding=\"async\" width=\"1300\" height=\"810\" src=\"https:\/\/i0.wp.com\/equitea.es\/site\/wp-content\/uploads\/2023\/12\/emprende_10.jpg?resize=1300%2C810&#038;ssl=1\" alt=\"\" class=\"wp-image-366\" style=\"aspect-ratio:1;object-fit:cover\" srcset=\"https:\/\/i0.wp.com\/equitea.es\/site\/wp-content\/uploads\/2023\/12\/emprende_10.jpg?w=1300&amp;ssl=1 1300w, https:\/\/i0.wp.com\/equitea.es\/site\/wp-content\/uploads\/2023\/12\/emprende_10.jpg?resize=300%2C187&amp;ssl=1 300w, https:\/\/i0.wp.com\/equitea.es\/site\/wp-content\/uploads\/2023\/12\/emprende_10.jpg?resize=1024%2C638&amp;ssl=1 1024w, https:\/\/i0.wp.com\/equitea.es\/site\/wp-content\/uploads\/2023\/12\/emprende_10.jpg?resize=768%2C479&amp;ssl=1 768w\" sizes=\"auto, (max-width: 1000px) 100vw, 1000px\" \/><\/figure>\n<\/div>\n\n\n\n<div class=\"wp-block-column is-layout-flow wp-block-column-is-layout-flow\">\n<figure class=\"wp-block-image size-full is-style-rounded is-style-rounded--3\"><img data-recalc-dims=\"1\" loading=\"lazy\" decoding=\"async\" width=\"1242\" height=\"827\" src=\"https:\/\/i0.wp.com\/equitea.es\/site\/wp-content\/uploads\/2023\/12\/IMG_0206-3_1.png?resize=1242%2C827&#038;ssl=1\" alt=\"\" class=\"wp-image-367\" style=\"aspect-ratio:1;object-fit:cover\" srcset=\"https:\/\/i0.wp.com\/equitea.es\/site\/wp-content\/uploads\/2023\/12\/IMG_0206-3_1.png?w=1242&amp;ssl=1 1242w, https:\/\/i0.wp.com\/equitea.es\/site\/wp-content\/uploads\/2023\/12\/IMG_0206-3_1.png?resize=300%2C200&amp;ssl=1 300w, https:\/\/i0.wp.com\/equitea.es\/site\/wp-content\/uploads\/2023\/12\/IMG_0206-3_1.png?resize=1024%2C682&amp;ssl=1 1024w, https:\/\/i0.wp.com\/equitea.es\/site\/wp-content\/uploads\/2023\/12\/IMG_0206-3_1.png?resize=768%2C511&amp;ssl=1 768w\" sizes=\"auto, (max-width: 1000px) 100vw, 1000px\" \/><\/figure>\n<\/div>\n\n\n\n<div class=\"wp-block-column is-layout-flow wp-block-column-is-layout-flow\">\n<figure class=\"wp-block-image size-full is-style-rounded is-style-rounded--4\"><img data-recalc-dims=\"1\" loading=\"lazy\" decoding=\"async\" width=\"2046\" height=\"1909\" src=\"https:\/\/i0.wp.com\/equitea.es\/site\/wp-content\/uploads\/2023\/12\/IMG_1587.jpg?resize=2046%2C1909&#038;ssl=1\" alt=\"\" class=\"wp-image-368\" style=\"aspect-ratio:1;object-fit:cover\" srcset=\"https:\/\/i0.wp.com\/equitea.es\/site\/wp-content\/uploads\/2023\/12\/IMG_1587.jpg?w=2046&amp;ssl=1 2046w, https:\/\/i0.wp.com\/equitea.es\/site\/wp-content\/uploads\/2023\/12\/IMG_1587.jpg?resize=300%2C280&amp;ssl=1 300w, https:\/\/i0.wp.com\/equitea.es\/site\/wp-content\/uploads\/2023\/12\/IMG_1587.jpg?resize=1024%2C955&amp;ssl=1 1024w, https:\/\/i0.wp.com\/equitea.es\/site\/wp-content\/uploads\/2023\/12\/IMG_1587.jpg?resize=768%2C717&amp;ssl=1 768w, https:\/\/i0.wp.com\/equitea.es\/site\/wp-content\/uploads\/2023\/12\/IMG_1587.jpg?resize=1536%2C1433&amp;ssl=1 1536w\" sizes=\"auto, (max-width: 1000px) 100vw, 1000px\" \/><\/figure>\n<\/div>\n<\/div>\n<\/div>\n\n\n\n<div class=\"wp-block-group alignfull has-global-padding is-layout-constrained wp-container-core-group-is-layout-d89aad35 wp-block-group-is-layout-constrained\" style=\"margin-top:0;margin-bottom:0;padding-top:var(--wp--preset--spacing--50);padding-right:var(--wp--preset--spacing--50);padding-bottom:var(--wp--preset--spacing--50);padding-left:var(--wp--preset--spacing--50)\"><\/div>\n\n\n\n<p><\/p>\n","protected":false},"excerpt":{"rendered":"<p>Para nosotros es vital la cualificaci\u00f3n profesional para una intervenci\u00f3n de calidad. Uno de nuestros objetivos principales es la formaci\u00f3n especializada para optimizar al m\u00e1ximo el trabajo con las personas y los animales. Despu\u00e9s de 13 a\u00f1os de trabajo como Asociaci\u00f3n dedicada a las Intervenciones Asistidas con Caballos, m\u00e1s otros 6 de experiencia en el [&hellip;]<\/p>\n","protected":false},"author":2,"featured_media":0,"parent":103,"menu_order":5,"comment_status":"closed","ping_status":"closed","template":"","meta":{"footnotes":""},"class_list":["post-364","page","type-page","status-publish","hentry"],"jetpack_sharing_enabled":true,"_links":{"self":[{"href":"https:\/\/equitea.es\/site\/wp-json\/wp\/v2\/pages\/364","targetHints":{"allow":["GET"]}}],"collection":[{"href":"https:\/\/equitea.es\/site\/wp-json\/wp\/v2\/pages"}],"about":[{"href":"https:\/\/equitea.es\/site\/wp-json\/wp\/v2\/types\/page"}],"author":[{"embeddable":true,"href":"https:\/\/equitea.es\/site\/wp-json\/wp\/v2\/users\/2"}],"replies":[{"embeddable":true,"href":"https:\/\/equitea.es\/site\/wp-json\/wp\/v2\/comments?post=364"}],"version-history":[{"count":14,"href":"https:\/\/equitea.es\/site\/wp-json\/wp\/v2\/pages\/364\/revisions"}],"predecessor-version":[{"id":711,"href":"https:\/\/equitea.es\/site\/wp-json\/wp\/v2\/pages\/364\/revisions\/711"}],"up":[{"embeddable":true,"href":"https:\/\/equitea.es\/site\/wp-json\/wp\/v2\/pages\/103"}],"wp:attachment":[{"href":"https:\/\/equitea.es\/site\/wp-json\/wp\/v2\/media?parent=364"}],"curies":[{"name":"wp","href":"https:\/\/api.w.org\/{rel}","templated":true}]}}