{"id":339,"date":"2023-12-08T22:20:47","date_gmt":"2023-12-08T21:20:47","guid":{"rendered":"https:\/\/equitea.es\/site\/?page_id=339"},"modified":"2026-04-12T13:22:12","modified_gmt":"2026-04-12T11:22:12","slug":"actividades-educativas","status":"publish","type":"page","link":"https:\/\/equitea.es\/site\/servicios\/actividades-educativas\/","title":{"rendered":"Actividades Educativas"},"content":{"rendered":"\n<div class=\"wp-block-group alignfull has-base-2-background-color has-background has-global-padding is-layout-constrained wp-container-core-group-is-layout-669513ed wp-block-group-is-layout-constrained\" style=\"margin-top:0;margin-bottom:0;padding-top:var(--wp--preset--spacing--50);padding-right:var(--wp--preset--spacing--50);padding-bottom:var(--wp--preset--spacing--50);padding-left:var(--wp--preset--spacing--50)\">\n<div class=\"wp-block-columns alignwide is-layout-flex wp-container-core-columns-is-layout-1da03c2a wp-block-columns-is-layout-flex\">\n<div class=\"wp-block-column is-vertically-aligned-stretch is-layout-flow wp-block-column-is-layout-flow\" style=\"flex-basis:50%\">\n<div class=\"wp-block-group is-vertical is-content-justification-stretch is-layout-flex wp-container-core-group-is-layout-444d5ee8 wp-block-group-is-layout-flex\" style=\"min-height:100%\">\n<p class=\"has-heading-font-family has-x-large-font-size\" style=\"line-height:1.2\">En&nbsp;<strong>equiTEA<\/strong>&nbsp;nos encanta divertirnos! Para nosotros no hay nada m\u00e1s bonito que la sonrisa de un ni\u00f1o\/a y el reflejo de \u00e9sta en la mirada de sus padres.<\/p>\n\n\n\n<div class=\"wp-block-group has-global-padding is-content-justification-left is-layout-constrained wp-container-core-group-is-layout-9fe8ed88 wp-block-group-is-layout-constrained\"><\/div>\n<\/div>\n<\/div>\n\n\n\n<div class=\"wp-block-column is-vertically-aligned-center is-layout-flow wp-block-column-is-layout-flow\" style=\"flex-basis:50%\">\n<figure class=\"wp-block-image size-large is-style-rounded is-style-rounded--1\"><img data-recalc-dims=\"1\" loading=\"lazy\" decoding=\"async\" width=\"1024\" height=\"768\" src=\"https:\/\/i0.wp.com\/equitea.es\/site\/wp-content\/uploads\/2023\/12\/IMG_0752.jpeg?resize=1024%2C768&#038;ssl=1\" alt=\"\" class=\"wp-image-288\" srcset=\"https:\/\/i0.wp.com\/equitea.es\/site\/wp-content\/uploads\/2023\/12\/IMG_0752.jpeg?resize=1024%2C768&amp;ssl=1 1024w, https:\/\/i0.wp.com\/equitea.es\/site\/wp-content\/uploads\/2023\/12\/IMG_0752.jpeg?resize=300%2C225&amp;ssl=1 300w, https:\/\/i0.wp.com\/equitea.es\/site\/wp-content\/uploads\/2023\/12\/IMG_0752.jpeg?resize=768%2C576&amp;ssl=1 768w, https:\/\/i0.wp.com\/equitea.es\/site\/wp-content\/uploads\/2023\/12\/IMG_0752.jpeg?resize=1536%2C1152&amp;ssl=1 1536w, https:\/\/i0.wp.com\/equitea.es\/site\/wp-content\/uploads\/2023\/12\/IMG_0752.jpeg?w=2048&amp;ssl=1 2048w\" sizes=\"auto, (max-width: 1000px) 100vw, 1000px\" \/><\/figure>\n<\/div>\n<\/div>\n<\/div>\n\n\n\n<div class=\"wp-block-group alignfull has-base-background-color has-background has-global-padding is-layout-constrained wp-container-core-group-is-layout-d89aad35 wp-block-group-is-layout-constrained\" style=\"margin-top:0;margin-bottom:0;padding-top:var(--wp--preset--spacing--50);padding-right:var(--wp--preset--spacing--50);padding-bottom:var(--wp--preset--spacing--50);padding-left:var(--wp--preset--spacing--50)\">\n<div class=\"wp-block-columns alignwide is-layout-flex wp-container-core-columns-is-layout-549b0c86 wp-block-columns-is-layout-flex\">\n<div class=\"wp-block-column has-global-padding is-content-justification-left is-layout-constrained wp-container-core-column-is-layout-4f15e8fe wp-block-column-is-layout-constrained\" style=\"flex-basis:40%\">\n<p>Servicios<\/p>\n\n\n\n<figure class=\"wp-block-image size-large is-resized\"><img data-recalc-dims=\"1\" loading=\"lazy\" decoding=\"async\" width=\"650\" height=\"1024\" src=\"https:\/\/i0.wp.com\/equitea.es\/site\/wp-content\/uploads\/2023\/12\/IMG_2267.jpeg?resize=650%2C1024&#038;ssl=1\" alt=\"\" class=\"wp-image-299\" style=\"width:445px;height:auto\" srcset=\"https:\/\/i0.wp.com\/equitea.es\/site\/wp-content\/uploads\/2023\/12\/IMG_2267.jpeg?resize=650%2C1024&amp;ssl=1 650w, https:\/\/i0.wp.com\/equitea.es\/site\/wp-content\/uploads\/2023\/12\/IMG_2267.jpeg?resize=190%2C300&amp;ssl=1 190w, https:\/\/i0.wp.com\/equitea.es\/site\/wp-content\/uploads\/2023\/12\/IMG_2267.jpeg?w=734&amp;ssl=1 734w\" sizes=\"auto, (max-width: 650px) 100vw, 650px\" \/><\/figure>\n<\/div>\n\n\n\n<div class=\"wp-block-column is-layout-flow wp-container-core-column-is-layout-119bc444 wp-block-column-is-layout-flow\" style=\"flex-basis:60%\">\n<p class=\"has-heading-font-family has-x-large-font-size\" style=\"line-height:1.2\">Trabajamos y nos esforzamos d\u00eda tras d\u00eda para organizar numerosas actividades en la que tanto ni\u00f1os\/as como mayores se relajen, disfruten y aprendan jugando en un entorno natural.<\/p>\n\n\n\n<div class=\"wp-block-columns is-layout-flex wp-container-core-columns-is-layout-87beb0d0 wp-block-columns-is-layout-flex\">\n<div class=\"wp-block-column is-layout-flow wp-block-column-is-layout-flow\">\n<p class=\"wp-container-content-9cfa9a5a\">Para ello, planificamos visitas de <strong>Colegios<\/strong> y <strong>Asociaciones <\/strong>a nuestras instalaciones para que puedan pasar un d\u00eda inolvidable conociendo la de actividades que se realizan en un centro ecuestre y todo lo que los animales nos ense\u00f1an y ayudan.<\/p>\n\n\n\n<p><\/p>\n\n\n\n<p class=\"wp-container-content-9cfa9a5a\"> \u00a1Algo que, sin duda, estar\u00e1n encantados de repetir! Adem\u00e1s, para los fines de semana tambi\u00e9n tenemos m\u00e1s actividades irresistibles. Los peques pueden acudir los <strong>S\u00e1bados en Familia<\/strong> a nuestro club h\u00edpico y realizar diferentes ejercicios educativos acompa\u00f1ados siempre de nuestros animales y profesionales.<\/p>\n<\/div>\n\n\n\n<div class=\"wp-block-column is-layout-flow wp-block-column-is-layout-flow\">\n<p>En <strong>equiTEA<\/strong> podr\u00e1s disfrutar de: &nbsp;<\/p>\n\n\n\n<p><strong>&#8211; Visitas\/ Excursiones de Colegios y AMPAS<\/strong> (<em>equiTEAndo en el Aula Especial y Ordinaria<\/em>)<\/p>\n\n\n\n<p>&#8211; <strong>Un Poni en mi Escuela!<\/strong> <em>(nuevo Programa Educativo en el que llevamos uno o dos ponis a las aulas de Infantil y Primaria)<\/em><\/p>\n\n\n\n<p><em>&#8211; <\/em><strong>Un poni en Casa! <\/strong><em>(nuevo Programa de Intervenci\u00f3n con Personas Mayores que viven en Residencias)<\/em><\/p>\n\n\n\n<p><strong>&#8211; S\u00e1bados equiTEAndo<\/strong><em> (Familias, Asociaciones y Grupos)<\/em><\/p>\n\n\n\n<p><strong>&#8211; Coaching con Caballos para Grupos <\/strong><em>(Empoderamiento Femenino, Inteligencia Emocional y Liderazgo)<\/em><\/p>\n<\/div>\n<\/div>\n<\/div>\n<\/div>\n<\/div>\n\n\n\n<div class=\"wp-block-group alignfull has-contrast-background-color has-background has-global-padding is-layout-constrained wp-container-core-group-is-layout-669513ed wp-block-group-is-layout-constrained\" style=\"margin-top:0;margin-bottom:0;padding-top:var(--wp--preset--spacing--50);padding-right:var(--wp--preset--spacing--50);padding-bottom:var(--wp--preset--spacing--50);padding-left:var(--wp--preset--spacing--50)\">\n<div class=\"wp-block-group is-vertical is-content-justification-center is-layout-flex wp-container-core-group-is-layout-ce155fab wp-block-group-is-layout-flex\">\n<h2 class=\"wp-block-heading has-text-align-center has-base-2-color has-text-color has-link-color has-xx-large-font-size wp-elements-74d63abe3da1f1a026672a26d4b46805\"><strong>Fotos<\/strong><\/h2>\n\n\n\n<p class=\"has-text-align-center\"><\/p>\n<\/div>\n\n\n\n<div style=\"height:var(--wp--preset--spacing--30)\" aria-hidden=\"true\" class=\"wp-block-spacer\"><\/div>\n\n\n\n<div class=\"wp-block-columns alignwide is-layout-flex wp-container-core-columns-is-layout-4935966c wp-block-columns-is-layout-flex\" style=\"padding-right:0;padding-left:0\">\n<div class=\"wp-block-column is-layout-flow wp-block-column-is-layout-flow\">\n<figure class=\"wp-block-image size-full is-style-rounded is-style-rounded--2\"><img data-recalc-dims=\"1\" loading=\"lazy\" decoding=\"async\" width=\"1536\" height=\"2048\" src=\"https:\/\/i0.wp.com\/equitea.es\/site\/wp-content\/uploads\/2023\/12\/IMG_9716.jpg?resize=1536%2C2048&#038;ssl=1\" alt=\"\" class=\"wp-image-341\" style=\"aspect-ratio:1;object-fit:cover\" srcset=\"https:\/\/i0.wp.com\/equitea.es\/site\/wp-content\/uploads\/2023\/12\/IMG_9716.jpg?w=1536&amp;ssl=1 1536w, https:\/\/i0.wp.com\/equitea.es\/site\/wp-content\/uploads\/2023\/12\/IMG_9716.jpg?resize=225%2C300&amp;ssl=1 225w, https:\/\/i0.wp.com\/equitea.es\/site\/wp-content\/uploads\/2023\/12\/IMG_9716.jpg?resize=768%2C1024&amp;ssl=1 768w, https:\/\/i0.wp.com\/equitea.es\/site\/wp-content\/uploads\/2023\/12\/IMG_9716.jpg?resize=1152%2C1536&amp;ssl=1 1152w\" sizes=\"auto, (max-width: 1000px) 100vw, 1000px\" \/><\/figure>\n<\/div>\n\n\n\n<div class=\"wp-block-column is-layout-flow wp-block-column-is-layout-flow\">\n<figure class=\"wp-block-image size-full is-style-rounded is-style-rounded--3\"><img data-recalc-dims=\"1\" loading=\"lazy\" decoding=\"async\" width=\"1536\" height=\"2048\" src=\"https:\/\/i0.wp.com\/equitea.es\/site\/wp-content\/uploads\/2023\/12\/IMG_0531_0.jpg?resize=1536%2C2048&#038;ssl=1\" alt=\"\" class=\"wp-image-342\" style=\"aspect-ratio:1;object-fit:cover\" srcset=\"https:\/\/i0.wp.com\/equitea.es\/site\/wp-content\/uploads\/2023\/12\/IMG_0531_0.jpg?w=1536&amp;ssl=1 1536w, https:\/\/i0.wp.com\/equitea.es\/site\/wp-content\/uploads\/2023\/12\/IMG_0531_0.jpg?resize=225%2C300&amp;ssl=1 225w, https:\/\/i0.wp.com\/equitea.es\/site\/wp-content\/uploads\/2023\/12\/IMG_0531_0.jpg?resize=768%2C1024&amp;ssl=1 768w, https:\/\/i0.wp.com\/equitea.es\/site\/wp-content\/uploads\/2023\/12\/IMG_0531_0.jpg?resize=1152%2C1536&amp;ssl=1 1152w\" sizes=\"auto, (max-width: 1000px) 100vw, 1000px\" \/><\/figure>\n<\/div>\n\n\n\n<div class=\"wp-block-column is-layout-flow wp-block-column-is-layout-flow\">\n<figure class=\"wp-block-image size-full is-style-rounded is-style-rounded--4\"><img data-recalc-dims=\"1\" loading=\"lazy\" decoding=\"async\" width=\"1785\" height=\"1762\" src=\"https:\/\/i0.wp.com\/equitea.es\/site\/wp-content\/uploads\/2023\/12\/IMG_1397.jpeg?resize=1785%2C1762&#038;ssl=1\" alt=\"\" class=\"wp-image-302\" style=\"aspect-ratio:1;object-fit:cover\" srcset=\"https:\/\/i0.wp.com\/equitea.es\/site\/wp-content\/uploads\/2023\/12\/IMG_1397.jpeg?w=1785&amp;ssl=1 1785w, https:\/\/i0.wp.com\/equitea.es\/site\/wp-content\/uploads\/2023\/12\/IMG_1397.jpeg?resize=300%2C296&amp;ssl=1 300w, https:\/\/i0.wp.com\/equitea.es\/site\/wp-content\/uploads\/2023\/12\/IMG_1397.jpeg?resize=1024%2C1011&amp;ssl=1 1024w, https:\/\/i0.wp.com\/equitea.es\/site\/wp-content\/uploads\/2023\/12\/IMG_1397.jpeg?resize=768%2C758&amp;ssl=1 768w, https:\/\/i0.wp.com\/equitea.es\/site\/wp-content\/uploads\/2023\/12\/IMG_1397.jpeg?resize=1536%2C1516&amp;ssl=1 1536w\" sizes=\"auto, (max-width: 1000px) 100vw, 1000px\" \/><\/figure>\n<\/div>\n\n\n\n<div class=\"wp-block-column is-layout-flow wp-block-column-is-layout-flow\">\n<figure class=\"wp-block-image size-full is-style-rounded is-style-rounded--5\"><img data-recalc-dims=\"1\" loading=\"lazy\" decoding=\"async\" width=\"1536\" height=\"2048\" src=\"https:\/\/i0.wp.com\/equitea.es\/site\/wp-content\/uploads\/2023\/12\/IMG_2064.jpeg?resize=1536%2C2048&#038;ssl=1\" alt=\"\" class=\"wp-image-306\" style=\"aspect-ratio:1;object-fit:cover\" srcset=\"https:\/\/i0.wp.com\/equitea.es\/site\/wp-content\/uploads\/2023\/12\/IMG_2064.jpeg?w=1536&amp;ssl=1 1536w, https:\/\/i0.wp.com\/equitea.es\/site\/wp-content\/uploads\/2023\/12\/IMG_2064.jpeg?resize=225%2C300&amp;ssl=1 225w, https:\/\/i0.wp.com\/equitea.es\/site\/wp-content\/uploads\/2023\/12\/IMG_2064.jpeg?resize=768%2C1024&amp;ssl=1 768w, https:\/\/i0.wp.com\/equitea.es\/site\/wp-content\/uploads\/2023\/12\/IMG_2064.jpeg?resize=1152%2C1536&amp;ssl=1 1152w\" sizes=\"auto, (max-width: 1000px) 100vw, 1000px\" \/><\/figure>\n<\/div>\n<\/div>\n\n\n\n<div class=\"wp-block-columns alignwide is-layout-flex wp-container-core-columns-is-layout-4935966c wp-block-columns-is-layout-flex\" style=\"padding-right:0;padding-left:0\">\n<div class=\"wp-block-column is-layout-flow wp-block-column-is-layout-flow\">\n<figure class=\"wp-block-image size-full is-style-rounded is-style-rounded--6\"><img data-recalc-dims=\"1\" loading=\"lazy\" decoding=\"async\" width=\"960\" height=\"720\" src=\"https:\/\/i0.wp.com\/equitea.es\/site\/wp-content\/uploads\/2023\/12\/52599134_2311738672396161_6337980640528433152_n.jpg?resize=960%2C720&#038;ssl=1\" alt=\"\" class=\"wp-image-320\" style=\"aspect-ratio:1;object-fit:cover\" srcset=\"https:\/\/i0.wp.com\/equitea.es\/site\/wp-content\/uploads\/2023\/12\/52599134_2311738672396161_6337980640528433152_n.jpg?w=960&amp;ssl=1 960w, https:\/\/i0.wp.com\/equitea.es\/site\/wp-content\/uploads\/2023\/12\/52599134_2311738672396161_6337980640528433152_n.jpg?resize=300%2C225&amp;ssl=1 300w, https:\/\/i0.wp.com\/equitea.es\/site\/wp-content\/uploads\/2023\/12\/52599134_2311738672396161_6337980640528433152_n.jpg?resize=768%2C576&amp;ssl=1 768w\" sizes=\"auto, (max-width: 960px) 100vw, 960px\" \/><\/figure>\n\n\n\n<figure class=\"wp-block-image size-full is-style-rounded is-style-rounded--7\"><img data-recalc-dims=\"1\" loading=\"lazy\" decoding=\"async\" width=\"768\" height=\"1024\" src=\"https:\/\/i0.wp.com\/equitea.es\/site\/wp-content\/uploads\/2023\/12\/bddbe45b-014a-4626-bc4b-9759a7f96a5d.jpg?resize=768%2C1024&#038;ssl=1\" alt=\"\" class=\"wp-image-301\" style=\"aspect-ratio:1;object-fit:cover\" srcset=\"https:\/\/i0.wp.com\/equitea.es\/site\/wp-content\/uploads\/2023\/12\/bddbe45b-014a-4626-bc4b-9759a7f96a5d.jpg?w=768&amp;ssl=1 768w, https:\/\/i0.wp.com\/equitea.es\/site\/wp-content\/uploads\/2023\/12\/bddbe45b-014a-4626-bc4b-9759a7f96a5d.jpg?resize=225%2C300&amp;ssl=1 225w\" sizes=\"auto, (max-width: 768px) 100vw, 768px\" \/><\/figure>\n<\/div>\n\n\n\n<div class=\"wp-block-column is-layout-flow wp-block-column-is-layout-flow\">\n<figure class=\"wp-block-image size-full is-style-rounded is-style-rounded--8\"><img data-recalc-dims=\"1\" loading=\"lazy\" decoding=\"async\" width=\"2048\" height=\"1536\" src=\"https:\/\/i0.wp.com\/equitea.es\/site\/wp-content\/uploads\/2023\/12\/IMG_9072.jpeg?resize=2048%2C1536&#038;ssl=1\" alt=\"\" class=\"wp-image-261\" style=\"aspect-ratio:1;object-fit:cover\" srcset=\"https:\/\/i0.wp.com\/equitea.es\/site\/wp-content\/uploads\/2023\/12\/IMG_9072.jpeg?w=2048&amp;ssl=1 2048w, https:\/\/i0.wp.com\/equitea.es\/site\/wp-content\/uploads\/2023\/12\/IMG_9072.jpeg?resize=300%2C225&amp;ssl=1 300w, https:\/\/i0.wp.com\/equitea.es\/site\/wp-content\/uploads\/2023\/12\/IMG_9072.jpeg?resize=1024%2C768&amp;ssl=1 1024w, https:\/\/i0.wp.com\/equitea.es\/site\/wp-content\/uploads\/2023\/12\/IMG_9072.jpeg?resize=768%2C576&amp;ssl=1 768w, https:\/\/i0.wp.com\/equitea.es\/site\/wp-content\/uploads\/2023\/12\/IMG_9072.jpeg?resize=1536%2C1152&amp;ssl=1 1536w\" sizes=\"auto, (max-width: 1000px) 100vw, 1000px\" \/><\/figure>\n\n\n\n<figure class=\"wp-block-image size-full is-style-rounded is-style-rounded--9\"><img data-recalc-dims=\"1\" loading=\"lazy\" decoding=\"async\" width=\"1520\" height=\"1200\" src=\"https:\/\/i0.wp.com\/equitea.es\/site\/wp-content\/uploads\/2023\/12\/14889c89-6d61-4b4f-9f08-dd306f55dcb3.jpeg?resize=1520%2C1200&#038;ssl=1\" alt=\"\" class=\"wp-image-300\" style=\"aspect-ratio:1;object-fit:cover\" srcset=\"https:\/\/i0.wp.com\/equitea.es\/site\/wp-content\/uploads\/2023\/12\/14889c89-6d61-4b4f-9f08-dd306f55dcb3.jpeg?w=1520&amp;ssl=1 1520w, https:\/\/i0.wp.com\/equitea.es\/site\/wp-content\/uploads\/2023\/12\/14889c89-6d61-4b4f-9f08-dd306f55dcb3.jpeg?resize=300%2C237&amp;ssl=1 300w, https:\/\/i0.wp.com\/equitea.es\/site\/wp-content\/uploads\/2023\/12\/14889c89-6d61-4b4f-9f08-dd306f55dcb3.jpeg?resize=1024%2C808&amp;ssl=1 1024w, https:\/\/i0.wp.com\/equitea.es\/site\/wp-content\/uploads\/2023\/12\/14889c89-6d61-4b4f-9f08-dd306f55dcb3.jpeg?resize=768%2C606&amp;ssl=1 768w\" sizes=\"auto, (max-width: 1000px) 100vw, 1000px\" \/><\/figure>\n<\/div>\n\n\n\n<div class=\"wp-block-column is-layout-flow wp-block-column-is-layout-flow\">\n<figure class=\"wp-block-image size-full is-style-rounded is-style-rounded--10\"><img data-recalc-dims=\"1\" loading=\"lazy\" decoding=\"async\" width=\"2048\" height=\"1536\" src=\"https:\/\/i0.wp.com\/equitea.es\/site\/wp-content\/uploads\/2023\/12\/IMG_2045.jpeg?resize=2048%2C1536&#038;ssl=1\" alt=\"\" class=\"wp-image-304\" style=\"aspect-ratio:1;object-fit:cover\" srcset=\"https:\/\/i0.wp.com\/equitea.es\/site\/wp-content\/uploads\/2023\/12\/IMG_2045.jpeg?w=2048&amp;ssl=1 2048w, https:\/\/i0.wp.com\/equitea.es\/site\/wp-content\/uploads\/2023\/12\/IMG_2045.jpeg?resize=300%2C225&amp;ssl=1 300w, https:\/\/i0.wp.com\/equitea.es\/site\/wp-content\/uploads\/2023\/12\/IMG_2045.jpeg?resize=1024%2C768&amp;ssl=1 1024w, https:\/\/i0.wp.com\/equitea.es\/site\/wp-content\/uploads\/2023\/12\/IMG_2045.jpeg?resize=768%2C576&amp;ssl=1 768w, https:\/\/i0.wp.com\/equitea.es\/site\/wp-content\/uploads\/2023\/12\/IMG_2045.jpeg?resize=1536%2C1152&amp;ssl=1 1536w\" sizes=\"auto, (max-width: 1000px) 100vw, 1000px\" \/><\/figure>\n\n\n\n<figure class=\"wp-block-image size-full is-style-rounded is-style-rounded--11\"><img data-recalc-dims=\"1\" loading=\"lazy\" decoding=\"async\" width=\"1536\" height=\"2048\" src=\"https:\/\/i0.wp.com\/equitea.es\/site\/wp-content\/uploads\/2023\/12\/IMG_1983.jpeg?resize=1536%2C2048&#038;ssl=1\" alt=\"\" class=\"wp-image-296\" style=\"aspect-ratio:1;object-fit:cover\" srcset=\"https:\/\/i0.wp.com\/equitea.es\/site\/wp-content\/uploads\/2023\/12\/IMG_1983.jpeg?w=1536&amp;ssl=1 1536w, https:\/\/i0.wp.com\/equitea.es\/site\/wp-content\/uploads\/2023\/12\/IMG_1983.jpeg?resize=225%2C300&amp;ssl=1 225w, https:\/\/i0.wp.com\/equitea.es\/site\/wp-content\/uploads\/2023\/12\/IMG_1983.jpeg?resize=768%2C1024&amp;ssl=1 768w, https:\/\/i0.wp.com\/equitea.es\/site\/wp-content\/uploads\/2023\/12\/IMG_1983.jpeg?resize=1152%2C1536&amp;ssl=1 1152w\" sizes=\"auto, (max-width: 1000px) 100vw, 1000px\" \/><\/figure>\n<\/div>\n\n\n\n<div class=\"wp-block-column is-layout-flow wp-block-column-is-layout-flow\">\n<figure class=\"wp-block-image size-full is-style-rounded is-style-rounded--12\"><img data-recalc-dims=\"1\" loading=\"lazy\" decoding=\"async\" width=\"1536\" height=\"2048\" src=\"https:\/\/i0.wp.com\/equitea.es\/site\/wp-content\/uploads\/2023\/12\/IMG_2062.jpeg?resize=1536%2C2048&#038;ssl=1\" alt=\"\" class=\"wp-image-305\" style=\"aspect-ratio:1;object-fit:cover\" srcset=\"https:\/\/i0.wp.com\/equitea.es\/site\/wp-content\/uploads\/2023\/12\/IMG_2062.jpeg?w=1536&amp;ssl=1 1536w, https:\/\/i0.wp.com\/equitea.es\/site\/wp-content\/uploads\/2023\/12\/IMG_2062.jpeg?resize=225%2C300&amp;ssl=1 225w, https:\/\/i0.wp.com\/equitea.es\/site\/wp-content\/uploads\/2023\/12\/IMG_2062.jpeg?resize=768%2C1024&amp;ssl=1 768w, https:\/\/i0.wp.com\/equitea.es\/site\/wp-content\/uploads\/2023\/12\/IMG_2062.jpeg?resize=1152%2C1536&amp;ssl=1 1152w\" sizes=\"auto, (max-width: 1000px) 100vw, 1000px\" \/><\/figure>\n\n\n\n<figure class=\"wp-block-image size-full is-style-rounded is-style-rounded--13\"><img data-recalc-dims=\"1\" loading=\"lazy\" decoding=\"async\" width=\"1774\" height=\"1770\" src=\"https:\/\/i0.wp.com\/equitea.es\/site\/wp-content\/uploads\/2023\/12\/IMG_7062.jpeg?resize=1774%2C1770&#038;ssl=1\" alt=\"\" class=\"wp-image-250\" style=\"aspect-ratio:1;object-fit:cover\" srcset=\"https:\/\/i0.wp.com\/equitea.es\/site\/wp-content\/uploads\/2023\/12\/IMG_7062.jpeg?w=1774&amp;ssl=1 1774w, https:\/\/i0.wp.com\/equitea.es\/site\/wp-content\/uploads\/2023\/12\/IMG_7062.jpeg?resize=300%2C300&amp;ssl=1 300w, https:\/\/i0.wp.com\/equitea.es\/site\/wp-content\/uploads\/2023\/12\/IMG_7062.jpeg?resize=1024%2C1022&amp;ssl=1 1024w, https:\/\/i0.wp.com\/equitea.es\/site\/wp-content\/uploads\/2023\/12\/IMG_7062.jpeg?resize=150%2C150&amp;ssl=1 150w, https:\/\/i0.wp.com\/equitea.es\/site\/wp-content\/uploads\/2023\/12\/IMG_7062.jpeg?resize=768%2C766&amp;ssl=1 768w, https:\/\/i0.wp.com\/equitea.es\/site\/wp-content\/uploads\/2023\/12\/IMG_7062.jpeg?resize=1536%2C1533&amp;ssl=1 1536w\" sizes=\"auto, (max-width: 1000px) 100vw, 1000px\" \/><\/figure>\n<\/div>\n<\/div>\n\n\n\n<div class=\"wp-block-columns alignwide is-layout-flex wp-container-core-columns-is-layout-4935966c wp-block-columns-is-layout-flex\" style=\"padding-right:0;padding-left:0\">\n<div class=\"wp-block-column is-layout-flow wp-block-column-is-layout-flow\"><\/div>\n\n\n\n<div class=\"wp-block-column is-layout-flow wp-block-column-is-layout-flow\"><\/div>\n\n\n\n<div class=\"wp-block-column is-layout-flow wp-block-column-is-layout-flow\"><\/div>\n\n\n\n<div class=\"wp-block-column is-layout-flow wp-block-column-is-layout-flow\"><\/div>\n\n\n\n<div class=\"wp-block-column is-layout-flow wp-block-column-is-layout-flow\"><\/div>\n<\/div>\n\n\n\n<div class=\"wp-block-columns alignwide is-layout-flex wp-container-core-columns-is-layout-4935966c wp-block-columns-is-layout-flex\" style=\"padding-right:0;padding-left:0\">\n<div class=\"wp-block-column is-layout-flow wp-block-column-is-layout-flow\"><\/div>\n\n\n\n<div class=\"wp-block-column is-layout-flow wp-block-column-is-layout-flow\"><\/div>\n\n\n\n<div class=\"wp-block-column is-layout-flow wp-block-column-is-layout-flow\"><\/div>\n\n\n\n<div class=\"wp-block-column is-layout-flow wp-block-column-is-layout-flow\"><\/div>\n\n\n\n<div class=\"wp-block-column is-layout-flow wp-block-column-is-layout-flow\"><\/div>\n<\/div>\n<\/div>\n\n\n\n<div class=\"wp-block-group alignfull has-global-padding is-layout-constrained wp-container-core-group-is-layout-d89aad35 wp-block-group-is-layout-constrained\" style=\"margin-top:0;margin-bottom:0;padding-top:var(--wp--preset--spacing--50);padding-right:var(--wp--preset--spacing--50);padding-bottom:var(--wp--preset--spacing--50);padding-left:var(--wp--preset--spacing--50)\">\n<div class=\"wp-block-group alignwide has-base-2-background-color has-background is-layout-flow wp-block-group-is-layout-flow\" style=\"border-radius:16px;padding-top:var(--wp--preset--spacing--50);padding-right:var(--wp--preset--spacing--50);padding-bottom:var(--wp--preset--spacing--50);padding-left:var(--wp--preset--spacing--50)\">\n<p class=\"has-text-align-center\">We\u2019ve worked with some of the best companies.<\/p>\n\n\n\n<div style=\"height:var(--wp--preset--spacing--10)\" aria-hidden=\"true\" class=\"wp-block-spacer\"><\/div>\n\n\n\n<div class=\"wp-block-group alignwide is-content-justification-center is-layout-flex wp-container-core-group-is-layout-f95ffa09 wp-block-group-is-layout-flex\" style=\"padding-top:0;padding-right:0;padding-bottom:0;padding-left:0\">\n\n\n\n\n\n\n\n<\/div>\n<\/div>\n<\/div>\n","protected":false},"excerpt":{"rendered":"<p>En&nbsp;equiTEA&nbsp;nos encanta divertirnos! Para nosotros no hay nada m\u00e1s bonito que la sonrisa de un ni\u00f1o\/a y el reflejo de \u00e9sta en la mirada de sus padres. Servicios Trabajamos y nos esforzamos d\u00eda tras d\u00eda para organizar numerosas actividades en la que tanto ni\u00f1os\/as como mayores se relajen, disfruten y aprendan jugando en un entorno [&hellip;]<\/p>\n","protected":false},"author":2,"featured_media":0,"parent":103,"menu_order":3,"comment_status":"closed","ping_status":"closed","template":"","meta":{"footnotes":""},"class_list":["post-339","page","type-page","status-publish","hentry"],"jetpack_sharing_enabled":true,"_links":{"self":[{"href":"https:\/\/equitea.es\/site\/wp-json\/wp\/v2\/pages\/339","targetHints":{"allow":["GET"]}}],"collection":[{"href":"https:\/\/equitea.es\/site\/wp-json\/wp\/v2\/pages"}],"about":[{"href":"https:\/\/equitea.es\/site\/wp-json\/wp\/v2\/types\/page"}],"author":[{"embeddable":true,"href":"https:\/\/equitea.es\/site\/wp-json\/wp\/v2\/users\/2"}],"replies":[{"embeddable":true,"href":"https:\/\/equitea.es\/site\/wp-json\/wp\/v2\/comments?post=339"}],"version-history":[{"count":6,"href":"https:\/\/equitea.es\/site\/wp-json\/wp\/v2\/pages\/339\/revisions"}],"predecessor-version":[{"id":710,"href":"https:\/\/equitea.es\/site\/wp-json\/wp\/v2\/pages\/339\/revisions\/710"}],"up":[{"embeddable":true,"href":"https:\/\/equitea.es\/site\/wp-json\/wp\/v2\/pages\/103"}],"wp:attachment":[{"href":"https:\/\/equitea.es\/site\/wp-json\/wp\/v2\/media?parent=339"}],"curies":[{"name":"wp","href":"https:\/\/api.w.org\/{rel}","templated":true}]}}