{"id":331,"date":"2023-12-08T21:56:50","date_gmt":"2023-12-08T20:56:50","guid":{"rendered":"https:\/\/equitea.es\/site\/?page_id=331"},"modified":"2026-04-12T13:20:32","modified_gmt":"2026-04-12T11:20:32","slug":"deporte-adaptado","status":"publish","type":"page","link":"https:\/\/equitea.es\/site\/servicios\/deporte-adaptado\/","title":{"rendered":"Deporte Adaptado"},"content":{"rendered":"\n<div class=\"wp-block-group alignfull has-base-2-background-color has-background has-global-padding is-layout-constrained wp-container-core-group-is-layout-669513ed wp-block-group-is-layout-constrained\" style=\"margin-top:0;margin-bottom:0;padding-top:var(--wp--preset--spacing--50);padding-right:var(--wp--preset--spacing--50);padding-bottom:var(--wp--preset--spacing--50);padding-left:var(--wp--preset--spacing--50)\">\n<div class=\"wp-block-columns alignwide is-layout-flex wp-container-core-columns-is-layout-1da03c2a wp-block-columns-is-layout-flex\">\n<div class=\"wp-block-column is-vertically-aligned-stretch is-layout-flow wp-block-column-is-layout-flow\" style=\"flex-basis:50%\">\n<div class=\"wp-block-group is-vertical is-content-justification-stretch is-layout-flex wp-container-core-group-is-layout-444d5ee8 wp-block-group-is-layout-flex\" style=\"min-height:100%\">\n<p class=\"has-heading-font-family has-x-large-font-size\" style=\"line-height:1.2\">Dirigido a todos aquellos que desean practicar la <strong>Equitaci\u00f3n<\/strong> como <strong>Actividad L\u00fadica o Deportiva<\/strong>, pero que precisan de adaptaciones para poder montar a caballo.<\/p>\n\n\n\n<div class=\"wp-block-group has-global-padding is-layout-constrained wp-block-group-is-layout-constrained\">\n<p>La\u00a0<a href=\"https:\/\/www.google.com\/search?q=equitaci%C3%B3n+adaptada&amp;rlz=1C1YTUH_esES1056ES1056&amp;oq=beneficios+equitacion+adaptada&amp;aqs=chrome..69i57j0i271l2.6155j0j15&amp;sourceid=chrome&amp;ie=UTF-8&amp;mstk=AUtExfCn7T-QdZ8EfEhA5rw1k38bWlFnq58fTJBWczVXrF3d_mcyf-6LhrKgodrlvEbhCFGp9b86W_tBVtOCGiAv4iqTlfEBv2Qpxm73ToWDsG4SYctshclnvQtSbxESISOJRj5NHn_Q-wZ6fqhYCc5UKyDlXLTRZwC6uI9u-6m7PKUtuQA6McIQSEYQ1OnptwH73WKO1tG0rAMxlgqGtLM8IzAsZAJKyxewzmDyMRg4GnnEm2sAELIpUA1cMvavGl_lhvL4oM-que_Tcdc2K0YgBGE44LF-3FNOBLwNIYO4cyxt4SF-NlB67Js28NkCOVEkQpzYquA1VND_S-LBdpylEXDkj2ZzH8UgLrRV95fFa_ge&amp;csui=3&amp;ved=2ahUKEwiv5JibluiTAxX10gIHHRnPKIIQgK4QegQIARAB\" target=\"_blank\" rel=\"noopener\">Equitaci\u00f3n Adaptada<\/a>\u00a0es una disciplina integral que utiliza el contacto con el caballo para mejorar la calidad de vida de personas con discapacidad, ofreciendo\u00a0<mark>beneficios f\u00edsicos (equilibrio, tono muscular, coordinaci\u00f3n), cognitivos (atenci\u00f3n, memoria), psicol\u00f3gicos (autoestima, reducci\u00f3n de estr\u00e9s) y sociales (comunicaci\u00f3n, autonom\u00eda)<\/mark>. Es una herramienta terap\u00e9utica y de ocio que fomenta la superaci\u00f3n personal y la integraci\u00f3n socio-comunitaria.<\/p>\n<\/div>\n<\/div>\n<\/div>\n\n\n\n<div class=\"wp-block-column is-vertically-aligned-center is-layout-flow wp-block-column-is-layout-flow\" style=\"flex-basis:50%\">\n<figure class=\"wp-block-image size-full is-style-rounded is-style-rounded--1\"><img data-recalc-dims=\"1\" loading=\"lazy\" decoding=\"async\" width=\"480\" height=\"360\" src=\"https:\/\/i0.wp.com\/equitea.es\/site\/wp-content\/uploads\/2023\/12\/4.jpg?resize=480%2C360&#038;ssl=1\" alt=\"\" class=\"wp-image-15\" srcset=\"https:\/\/i0.wp.com\/equitea.es\/site\/wp-content\/uploads\/2023\/12\/4.jpg?w=480&amp;ssl=1 480w, https:\/\/i0.wp.com\/equitea.es\/site\/wp-content\/uploads\/2023\/12\/4.jpg?resize=300%2C225&amp;ssl=1 300w\" sizes=\"auto, (max-width: 480px) 100vw, 480px\" \/><\/figure>\n<\/div>\n<\/div>\n<\/div>\n\n\n\n<div class=\"wp-block-group alignfull has-base-2-background-color has-background has-global-padding is-layout-constrained wp-container-core-group-is-layout-d89aad35 wp-block-group-is-layout-constrained\" style=\"margin-top:0;margin-bottom:0;padding-top:var(--wp--preset--spacing--50);padding-right:var(--wp--preset--spacing--50);padding-bottom:var(--wp--preset--spacing--50);padding-left:var(--wp--preset--spacing--50)\">\n<div class=\"wp-block-columns alignwide is-layout-flex wp-container-core-columns-is-layout-549b0c86 wp-block-columns-is-layout-flex\">\n<div class=\"wp-block-column has-global-padding is-content-justification-left is-layout-constrained wp-container-core-column-is-layout-4f15e8fe wp-block-column-is-layout-constrained\" style=\"flex-basis:40%\">\n<figure class=\"wp-block-image size-full is-resized is-style-rounded is-style-rounded--2\"><img data-recalc-dims=\"1\" loading=\"lazy\" decoding=\"async\" width=\"816\" height=\"459\" src=\"https:\/\/i0.wp.com\/equitea.es\/site\/wp-content\/uploads\/2023\/12\/IMG_7277.jpg?resize=816%2C459&#038;ssl=1\" alt=\"\" class=\"wp-image-210\" style=\"width:512px;height:auto\" srcset=\"https:\/\/i0.wp.com\/equitea.es\/site\/wp-content\/uploads\/2023\/12\/IMG_7277.jpg?w=816&amp;ssl=1 816w, https:\/\/i0.wp.com\/equitea.es\/site\/wp-content\/uploads\/2023\/12\/IMG_7277.jpg?resize=300%2C169&amp;ssl=1 300w, https:\/\/i0.wp.com\/equitea.es\/site\/wp-content\/uploads\/2023\/12\/IMG_7277.jpg?resize=768%2C432&amp;ssl=1 768w\" sizes=\"auto, (max-width: 816px) 100vw, 816px\" \/><\/figure>\n\n\n\n<figure class=\"wp-block-image size-full is-resized is-style-rounded is-style-rounded--3\"><img data-recalc-dims=\"1\" loading=\"lazy\" decoding=\"async\" width=\"816\" height=\"459\" src=\"https:\/\/i0.wp.com\/equitea.es\/site\/wp-content\/uploads\/2023\/12\/IMG_7277.jpg?resize=816%2C459&#038;ssl=1\" alt=\"\" class=\"wp-image-210\" style=\"width:512px;height:auto\" srcset=\"https:\/\/i0.wp.com\/equitea.es\/site\/wp-content\/uploads\/2023\/12\/IMG_7277.jpg?w=816&amp;ssl=1 816w, https:\/\/i0.wp.com\/equitea.es\/site\/wp-content\/uploads\/2023\/12\/IMG_7277.jpg?resize=300%2C169&amp;ssl=1 300w, https:\/\/i0.wp.com\/equitea.es\/site\/wp-content\/uploads\/2023\/12\/IMG_7277.jpg?resize=768%2C432&amp;ssl=1 768w\" sizes=\"auto, (max-width: 816px) 100vw, 816px\" \/><\/figure>\n\n\n\n<figure class=\"wp-block-image size-full is-resized is-style-rounded is-style-rounded--4\"><img data-recalc-dims=\"1\" loading=\"lazy\" decoding=\"async\" width=\"816\" height=\"459\" src=\"https:\/\/i0.wp.com\/equitea.es\/site\/wp-content\/uploads\/2023\/12\/IMG_7277.jpg?resize=816%2C459&#038;ssl=1\" alt=\"\" class=\"wp-image-210\" style=\"width:512px;height:auto\" srcset=\"https:\/\/i0.wp.com\/equitea.es\/site\/wp-content\/uploads\/2023\/12\/IMG_7277.jpg?w=816&amp;ssl=1 816w, https:\/\/i0.wp.com\/equitea.es\/site\/wp-content\/uploads\/2023\/12\/IMG_7277.jpg?resize=300%2C169&amp;ssl=1 300w, https:\/\/i0.wp.com\/equitea.es\/site\/wp-content\/uploads\/2023\/12\/IMG_7277.jpg?resize=768%2C432&amp;ssl=1 768w\" sizes=\"auto, (max-width: 816px) 100vw, 816px\" \/><\/figure>\n<\/div>\n\n\n\n<div class=\"wp-block-column is-layout-flow wp-container-core-column-is-layout-119bc444 wp-block-column-is-layout-flow\" style=\"flex-basis:60%\">\n<p class=\"has-heading-font-family has-x-large-font-size\" style=\"line-height:1.2\">El <strong>deporte<\/strong>\u00a0mejora radicalmente la salud mental al liberar endorfinas y serotonina, reduciendo el estr\u00e9s, la ansiedad y los s\u00edntomas de depresi\u00f3n. Adem\u00e1s, aumenta la autoestima, potencia la funci\u00f3n cognitiva (memoria y concentraci\u00f3n), mejora la calidad del sue\u00f1o y fomenta la resiliencia ante desaf\u00edos.<\/p>\n\n\n\n<div class=\"wp-block-columns is-layout-flex wp-container-core-columns-is-layout-87beb0d0 wp-block-columns-is-layout-flex\">\n<div class=\"wp-block-column is-layout-flow wp-block-column-is-layout-flow\">\n<p>Adem\u00e1s, tendr\u00e1n la posibilidad de poder participar y competir en torneos y concursos, lo que les permitir\u00e1 conocer a otros compa\u00f1eros\/as y disfrutar de una agradable jornada. Dentro de nuestros servicios ofrecemos:<\/p>\n\n\n\n<p><strong>&#8211; Equitaci\u00f3n Adaptada<\/strong><\/p>\n\n\n\n<p><strong>&#8211; Volteo Psicopedag\u00f3gico<\/strong><\/p>\n\n\n\n<p><strong>&#8211; Entrenamiento para Competiciones Paraecuestres<\/strong><\/p>\n\n\n\n<p><strong>&#8211; Excursiones\/ Paseos en Familia a Caball<\/strong>o<\/p>\n\n\n\n<p><strong>&#8211; Pony Club<\/strong><\/p>\n<\/div>\n<\/div>\n<\/div>\n<\/div>\n<\/div>\n\n\n\n<div class=\"wp-block-group alignfull has-contrast-background-color has-background has-global-padding is-layout-constrained wp-container-core-group-is-layout-669513ed wp-block-group-is-layout-constrained\" style=\"margin-top:0;margin-bottom:0;padding-top:var(--wp--preset--spacing--50);padding-right:var(--wp--preset--spacing--50);padding-bottom:var(--wp--preset--spacing--50);padding-left:var(--wp--preset--spacing--50)\">\n<div class=\"wp-block-group is-vertical is-content-justification-center is-layout-flex wp-container-core-group-is-layout-ce155fab wp-block-group-is-layout-flex\">\n<p class=\"has-text-align-center\"><\/p>\n<\/div>\n\n\n\n<div style=\"height:40px\" aria-hidden=\"true\" class=\"wp-block-spacer\"><\/div>\n\n\n\n<figure class=\"wp-block-image size-large is-style-rounded is-style-rounded--5\"><img data-recalc-dims=\"1\" loading=\"lazy\" decoding=\"async\" width=\"1536\" height=\"1536\" src=\"https:\/\/i0.wp.com\/equitea.es\/site\/wp-content\/uploads\/2024\/01\/IMG_2339-edited.jpeg?resize=1536%2C1536&#038;ssl=1\" alt=\"\" class=\"wp-image-475\" srcset=\"https:\/\/i0.wp.com\/equitea.es\/site\/wp-content\/uploads\/2024\/01\/IMG_2339-edited.jpeg?w=1536&amp;ssl=1 1536w, https:\/\/i0.wp.com\/equitea.es\/site\/wp-content\/uploads\/2024\/01\/IMG_2339-edited.jpeg?resize=300%2C300&amp;ssl=1 300w, https:\/\/i0.wp.com\/equitea.es\/site\/wp-content\/uploads\/2024\/01\/IMG_2339-edited.jpeg?resize=1024%2C1024&amp;ssl=1 1024w, https:\/\/i0.wp.com\/equitea.es\/site\/wp-content\/uploads\/2024\/01\/IMG_2339-edited.jpeg?resize=150%2C150&amp;ssl=1 150w, https:\/\/i0.wp.com\/equitea.es\/site\/wp-content\/uploads\/2024\/01\/IMG_2339-edited.jpeg?resize=768%2C768&amp;ssl=1 768w\" sizes=\"auto, (max-width: 1000px) 100vw, 1000px\" \/><\/figure>\n\n\n\n<div class=\"wp-block-columns alignwide is-layout-flex wp-container-core-columns-is-layout-4935966c wp-block-columns-is-layout-flex\" style=\"padding-right:0;padding-left:0\">\n<div class=\"wp-block-column is-layout-flow wp-block-column-is-layout-flow\"><\/div>\n\n\n\n<div class=\"wp-block-column is-layout-flow wp-block-column-is-layout-flow\"><\/div>\n\n\n\n<div class=\"wp-block-column is-layout-flow wp-block-column-is-layout-flow\"><\/div>\n\n\n\n<div class=\"wp-block-column is-layout-flow wp-block-column-is-layout-flow\"><\/div>\n<\/div>\n\n\n\n<figure class=\"wp-block-image size-large is-style-rounded is-style-rounded--6\"><img data-recalc-dims=\"1\" loading=\"lazy\" decoding=\"async\" width=\"2448\" height=\"2448\" src=\"https:\/\/i0.wp.com\/equitea.es\/site\/wp-content\/uploads\/2024\/01\/IMG_6201-edited.jpg?resize=2448%2C2448&#038;ssl=1\" alt=\"\" class=\"wp-image-477\" srcset=\"https:\/\/i0.wp.com\/equitea.es\/site\/wp-content\/uploads\/2024\/01\/IMG_6201-edited.jpg?w=2448&amp;ssl=1 2448w, https:\/\/i0.wp.com\/equitea.es\/site\/wp-content\/uploads\/2024\/01\/IMG_6201-edited.jpg?resize=300%2C300&amp;ssl=1 300w, https:\/\/i0.wp.com\/equitea.es\/site\/wp-content\/uploads\/2024\/01\/IMG_6201-edited.jpg?resize=1024%2C1024&amp;ssl=1 1024w, https:\/\/i0.wp.com\/equitea.es\/site\/wp-content\/uploads\/2024\/01\/IMG_6201-edited.jpg?resize=150%2C150&amp;ssl=1 150w, https:\/\/i0.wp.com\/equitea.es\/site\/wp-content\/uploads\/2024\/01\/IMG_6201-edited.jpg?resize=768%2C768&amp;ssl=1 768w, https:\/\/i0.wp.com\/equitea.es\/site\/wp-content\/uploads\/2024\/01\/IMG_6201-edited.jpg?resize=1536%2C1536&amp;ssl=1 1536w, https:\/\/i0.wp.com\/equitea.es\/site\/wp-content\/uploads\/2024\/01\/IMG_6201-edited.jpg?resize=2048%2C2048&amp;ssl=1 2048w\" sizes=\"auto, (max-width: 1000px) 100vw, 1000px\" \/><\/figure>\n\n\n\n<div class=\"wp-block-columns alignwide is-layout-flex wp-container-core-columns-is-layout-4935966c wp-block-columns-is-layout-flex\" style=\"padding-right:0;padding-left:0\">\n<div class=\"wp-block-column is-layout-flow wp-block-column-is-layout-flow\"><\/div>\n\n\n\n<div class=\"wp-block-column is-layout-flow wp-block-column-is-layout-flow\"><\/div>\n\n\n\n<div class=\"wp-block-column is-layout-flow wp-block-column-is-layout-flow\"><\/div>\n\n\n\n<div class=\"wp-block-column is-layout-flow wp-block-column-is-layout-flow\"><\/div>\n<\/div>\n<\/div>\n","protected":false},"excerpt":{"rendered":"<p>Dirigido a todos aquellos que desean practicar la Equitaci\u00f3n como Actividad L\u00fadica o Deportiva, pero que precisan de adaptaciones para poder montar a caballo. La\u00a0Equitaci\u00f3n Adaptada\u00a0es una disciplina integral que utiliza el contacto con el caballo para mejorar la calidad de vida de personas con discapacidad, ofreciendo\u00a0beneficios f\u00edsicos (equilibrio, tono muscular, coordinaci\u00f3n), cognitivos (atenci\u00f3n, memoria), [&hellip;]<\/p>\n","protected":false},"author":2,"featured_media":0,"parent":103,"menu_order":2,"comment_status":"closed","ping_status":"closed","template":"","meta":{"footnotes":""},"class_list":["post-331","page","type-page","status-publish","hentry"],"jetpack_sharing_enabled":true,"_links":{"self":[{"href":"https:\/\/equitea.es\/site\/wp-json\/wp\/v2\/pages\/331","targetHints":{"allow":["GET"]}}],"collection":[{"href":"https:\/\/equitea.es\/site\/wp-json\/wp\/v2\/pages"}],"about":[{"href":"https:\/\/equitea.es\/site\/wp-json\/wp\/v2\/types\/page"}],"author":[{"embeddable":true,"href":"https:\/\/equitea.es\/site\/wp-json\/wp\/v2\/users\/2"}],"replies":[{"embeddable":true,"href":"https:\/\/equitea.es\/site\/wp-json\/wp\/v2\/comments?post=331"}],"version-history":[{"count":11,"href":"https:\/\/equitea.es\/site\/wp-json\/wp\/v2\/pages\/331\/revisions"}],"predecessor-version":[{"id":708,"href":"https:\/\/equitea.es\/site\/wp-json\/wp\/v2\/pages\/331\/revisions\/708"}],"up":[{"embeddable":true,"href":"https:\/\/equitea.es\/site\/wp-json\/wp\/v2\/pages\/103"}],"wp:attachment":[{"href":"https:\/\/equitea.es\/site\/wp-json\/wp\/v2\/media?parent=331"}],"curies":[{"name":"wp","href":"https:\/\/api.w.org\/{rel}","templated":true}]}}