{"id":326,"date":"2023-12-08T19:37:48","date_gmt":"2023-12-08T18:37:48","guid":{"rendered":"https:\/\/equitea.es\/site\/?page_id=326"},"modified":"2026-04-12T13:06:59","modified_gmt":"2026-04-12T11:06:59","slug":"terapias-ecuestres","status":"publish","type":"page","link":"https:\/\/equitea.es\/site\/servicios\/terapias-ecuestres\/","title":{"rendered":"Terapias Ecuestres"},"content":{"rendered":"\n<div class=\"wp-block-group alignfull has-base-2-background-color has-background has-global-padding is-layout-constrained wp-container-core-group-is-layout-669513ed wp-block-group-is-layout-constrained\" style=\"margin-top:0;margin-bottom:0;padding-top:var(--wp--preset--spacing--50);padding-right:var(--wp--preset--spacing--50);padding-bottom:var(--wp--preset--spacing--50);padding-left:var(--wp--preset--spacing--50)\">\n<div class=\"wp-block-columns alignwide is-layout-flex wp-container-core-columns-is-layout-28f84493 wp-block-columns-is-layout-flex\">\n<div class=\"wp-block-column is-layout-flow wp-block-column-is-layout-flow\" style=\"flex-basis:40%\">\n<p class=\"wp-container-content-0733e5d0\">Servicios &#8211; Terapias Ecuestres<\/p>\n\n\n\n<figure class=\"wp-block-image size-large is-resized is-style-rounded is-style-rounded--1\"><img data-recalc-dims=\"1\" loading=\"lazy\" decoding=\"async\" width=\"768\" height=\"1024\" src=\"https:\/\/i0.wp.com\/equitea.es\/site\/wp-content\/uploads\/2024\/01\/187.jpg?resize=768%2C1024&#038;ssl=1\" alt=\"\" class=\"wp-image-458\" style=\"width:411px;height:auto\" srcset=\"https:\/\/i0.wp.com\/equitea.es\/site\/wp-content\/uploads\/2024\/01\/187.jpg?resize=768%2C1024&amp;ssl=1 768w, https:\/\/i0.wp.com\/equitea.es\/site\/wp-content\/uploads\/2024\/01\/187.jpg?resize=225%2C300&amp;ssl=1 225w, https:\/\/i0.wp.com\/equitea.es\/site\/wp-content\/uploads\/2024\/01\/187.jpg?resize=1152%2C1536&amp;ssl=1 1152w, https:\/\/i0.wp.com\/equitea.es\/site\/wp-content\/uploads\/2024\/01\/187.jpg?w=1200&amp;ssl=1 1200w\" sizes=\"auto, (max-width: 768px) 100vw, 768px\" \/><\/figure>\n<\/div>\n\n\n\n<div class=\"wp-block-column is-vertically-aligned-stretch is-layout-flow wp-block-column-is-layout-flow\" style=\"flex-basis:60%\">\n<p class=\"has-heading-font-family has-x-large-font-size\" style=\"line-height:1.2\">Practicar y disfrutar de actividades terap\u00e9uticas en compa\u00f1\u00eda de un animal tan especial como el Caballo contribuye muy positivamente al desarrollo cognitivo, f\u00edsico, emocional, social y ocupacional de las personas que tienen alg\u00fan tipo de discapacidad o necesidad especial.<\/p>\n<\/div>\n<\/div>\n\n\n\n<div style=\"height:var(--wp--preset--spacing--40)\" aria-hidden=\"true\" class=\"wp-block-spacer\"><\/div>\n<\/div>\n\n\n\n<div class=\"wp-block-group alignfull has-base-background-color has-background has-global-padding is-layout-constrained wp-container-core-group-is-layout-d89aad35 wp-block-group-is-layout-constrained\" style=\"margin-top:0;margin-bottom:0;padding-top:var(--wp--preset--spacing--50);padding-right:var(--wp--preset--spacing--50);padding-bottom:var(--wp--preset--spacing--50);padding-left:var(--wp--preset--spacing--50)\">\n<div class=\"wp-block-columns alignwide is-layout-flex wp-container-core-columns-is-layout-549b0c86 wp-block-columns-is-layout-flex\">\n<div class=\"wp-block-column has-global-padding is-content-justification-left is-layout-constrained wp-container-core-column-is-layout-4f15e8fe wp-block-column-is-layout-constrained\" style=\"flex-basis:40%\">\n<p>Servicios &#8211; Terapias Ecuestres<\/p>\n\n\n\n<figure class=\"wp-block-image size-full is-resized is-style-rounded is-style-rounded--2\"><img data-recalc-dims=\"1\" loading=\"lazy\" decoding=\"async\" width=\"900\" height=\"900\" src=\"https:\/\/i0.wp.com\/equitea.es\/site\/wp-content\/uploads\/2023\/12\/12-edited.jpg?resize=900%2C900&#038;ssl=1\" alt=\"\" class=\"wp-image-399\" style=\"width:281px;height:auto\" srcset=\"https:\/\/i0.wp.com\/equitea.es\/site\/wp-content\/uploads\/2023\/12\/12-edited.jpg?w=900&amp;ssl=1 900w, https:\/\/i0.wp.com\/equitea.es\/site\/wp-content\/uploads\/2023\/12\/12-edited.jpg?resize=300%2C300&amp;ssl=1 300w, https:\/\/i0.wp.com\/equitea.es\/site\/wp-content\/uploads\/2023\/12\/12-edited.jpg?resize=150%2C150&amp;ssl=1 150w, https:\/\/i0.wp.com\/equitea.es\/site\/wp-content\/uploads\/2023\/12\/12-edited.jpg?resize=768%2C768&amp;ssl=1 768w\" sizes=\"auto, (max-width: 900px) 100vw, 900px\" \/><\/figure>\n\n\n\n<figure class=\"wp-block-image size-full is-style-rounded is-style-rounded--3\"><img data-recalc-dims=\"1\" loading=\"lazy\" decoding=\"async\" width=\"1536\" height=\"2048\" src=\"https:\/\/i0.wp.com\/equitea.es\/site\/wp-content\/uploads\/2023\/12\/IMG_6422.jpeg?resize=1536%2C2048&#038;ssl=1\" alt=\"\" class=\"wp-image-252\" srcset=\"https:\/\/i0.wp.com\/equitea.es\/site\/wp-content\/uploads\/2023\/12\/IMG_6422.jpeg?w=1536&amp;ssl=1 1536w, https:\/\/i0.wp.com\/equitea.es\/site\/wp-content\/uploads\/2023\/12\/IMG_6422.jpeg?resize=225%2C300&amp;ssl=1 225w, https:\/\/i0.wp.com\/equitea.es\/site\/wp-content\/uploads\/2023\/12\/IMG_6422.jpeg?resize=768%2C1024&amp;ssl=1 768w, https:\/\/i0.wp.com\/equitea.es\/site\/wp-content\/uploads\/2023\/12\/IMG_6422.jpeg?resize=1152%2C1536&amp;ssl=1 1152w\" sizes=\"auto, (max-width: 1000px) 100vw, 1000px\" \/><\/figure>\n<\/div>\n\n\n\n<div class=\"wp-block-column is-vertically-aligned-center is-layout-flow wp-container-core-column-is-layout-119bc444 wp-block-column-is-layout-flow\" style=\"flex-basis:60%\">\n<p class=\"has-heading-font-family has-x-large-font-size\" style=\"line-height:1.2\">El <strong>Caballo<\/strong> juega un papel fundamental como <strong>agente motivador, integrador, rehabilitador y reeducador<\/strong>.<\/p>\n\n\n\n<div class=\"wp-block-columns is-layout-flex wp-container-core-columns-is-layout-87beb0d0 wp-block-columns-is-layout-flex\">\n<div class=\"wp-block-column is-layout-flow wp-block-column-is-layout-flow\">\n<p>Todo ello, junto a la intervenci\u00f3n de nuestro gran equipo de profesionales especializados, Psic\u00f3logas, Educadoras y Fisioterapeuta, y, por supuesto, bas\u00e1ndonos en una <strong>metodolog\u00eda cl\u00ednica emp\u00edricamente validad <\/strong>dentro de un <strong>contexto natural pero estructurado<\/strong>, para que nuestros\/as alumnos\/as desarrollen su m\u00e1ximo potencial en un ambiente l\u00fadico, libre de estr\u00e9s y en contacto con la Naturaleza.<\/p>\n\n\n\n<p>La metodolog\u00eda TEACCH (Tratamiento y Educaci\u00f3n de Ni\u00f1os con Autismo y Problemas Relacionados con la Comunicaci\u00f3n) es un\u00a0<mark>enfoque educativo estructurado para personas con TEA, dise\u00f1ado para mejorar su independencia y autonom\u00eda mediante la organizaci\u00f3n visual del entorno<\/mark>. Se basa en la estructuraci\u00f3n f\u00edsica, rutinas claras y el uso de apoyos visuales para reducir la ansiedad.<\/p>\n<\/div>\n\n\n\n<div class=\"wp-block-column is-layout-flow wp-block-column-is-layout-flow\">\n<p>Dentro de las distintas disciplinas terap\u00e9uticas que ofrecemos se encuentran:<\/p>\n\n\n\n<p><strong>&#8211; Hipoterapia: <\/strong>Sesiones de Intervenci\u00f3n Fisioterap\u00e9uticas<\/p>\n\n\n\n<p><strong>&#8211; Equitaci\u00f3n Terap\u00e9utica: <\/strong>Sesiones de Intervenci\u00f3n Psicoeducativas<\/p>\n\n\n\n<p><strong>&#8211; Terapia Ocupacional:&nbsp;<\/strong><em>Talleres de Acercamiento al Mundo Ecuestre para nuestr@s Mayores<\/em>; <em>Taller de Empoderamiento y Crecimiento Personal para Mujeres Asistido con Caballos<\/em>; y <em>Actividades Pre-Laborales Ecuestres para Adultos con Discapacidad.<\/em><\/p>\n<\/div>\n<\/div>\n<\/div>\n<\/div>\n<\/div>\n\n\n\n<div class=\"wp-block-group alignfull has-contrast-2-background-color has-background has-global-padding is-layout-constrained wp-container-core-group-is-layout-7cd14b77 wp-block-group-is-layout-constrained\" style=\"margin-top:0;margin-bottom:0;padding-top:var(--wp--preset--spacing--60);padding-right:var(--wp--preset--spacing--60);padding-bottom:var(--wp--preset--spacing--60);padding-left:var(--wp--preset--spacing--60)\">\n<figure class=\"wp-block-image alignfull size-large\"><img data-recalc-dims=\"1\" loading=\"lazy\" decoding=\"async\" width=\"1536\" height=\"1536\" src=\"https:\/\/i0.wp.com\/equitea.es\/site\/wp-content\/uploads\/2024\/01\/IMG_2119-edited.jpeg?resize=1536%2C1536&#038;ssl=1\" alt=\"\" class=\"wp-image-423\" srcset=\"https:\/\/i0.wp.com\/equitea.es\/site\/wp-content\/uploads\/2024\/01\/IMG_2119-edited.jpeg?w=1536&amp;ssl=1 1536w, https:\/\/i0.wp.com\/equitea.es\/site\/wp-content\/uploads\/2024\/01\/IMG_2119-edited.jpeg?resize=300%2C300&amp;ssl=1 300w, https:\/\/i0.wp.com\/equitea.es\/site\/wp-content\/uploads\/2024\/01\/IMG_2119-edited.jpeg?resize=1024%2C1024&amp;ssl=1 1024w, https:\/\/i0.wp.com\/equitea.es\/site\/wp-content\/uploads\/2024\/01\/IMG_2119-edited.jpeg?resize=150%2C150&amp;ssl=1 150w, https:\/\/i0.wp.com\/equitea.es\/site\/wp-content\/uploads\/2024\/01\/IMG_2119-edited.jpeg?resize=768%2C768&amp;ssl=1 768w\" sizes=\"auto, (max-width: 1000px) 100vw, 1000px\" \/><\/figure>\n<\/div>\n\n\n\n<div class=\"wp-block-cover alignfull is-light has-parallax\" style=\"padding-top:var(--wp--preset--spacing--50);padding-right:var(--wp--preset--spacing--50);padding-bottom:var(--wp--preset--spacing--50);padding-left:var(--wp--preset--spacing--50);min-height:100vh;aspect-ratio:unset;\"><div class=\"wp-block-cover__image-background wp-image-328 has-parallax\" style=\"background-position:50% 50%;background-image:url(https:\/\/equitea.es\/site\/wp-content\/uploads\/2023\/12\/untitled2.png)\"><\/div><span aria-hidden=\"true\" class=\"wp-block-cover__background has-base-background-color has-background-dim-0 has-background-dim\"><\/span><div class=\"wp-block-cover__inner-container has-global-padding is-layout-constrained wp-container-core-cover-is-layout-e4fd886c wp-block-cover-is-layout-constrained\">\n<div style=\"height:500px\" aria-hidden=\"true\" class=\"wp-block-spacer\"><\/div>\n<\/div><\/div>\n\n\n\n<div class=\"wp-block-group alignfull has-base-2-color has-contrast-background-color has-text-color has-background has-link-color wp-elements-5afcbadad87e46f6c6f44b9bfba28cde has-global-padding is-layout-constrained wp-container-core-group-is-layout-facafb6f wp-block-group-is-layout-constrained\" style=\"margin-top:0;margin-bottom:0;padding-top:var(--wp--preset--spacing--50);padding-right:var(--wp--preset--spacing--50);padding-bottom:var(--wp--preset--spacing--50);padding-left:var(--wp--preset--spacing--50)\">\n<div class=\"wp-block-columns alignwide is-layout-flex wp-container-core-columns-is-layout-d1c656ed wp-block-columns-is-layout-flex\">\n<div class=\"wp-block-column is-vertically-aligned-stretch is-layout-flow wp-block-column-is-layout-flow\" style=\"padding-right:0;flex-basis:60%\">\n<div class=\"wp-block-group is-vertical is-content-justification-stretch is-layout-flex wp-container-core-group-is-layout-ae24f51d wp-block-group-is-layout-flex\" style=\"min-height:100%\">\n<figure class=\"wp-block-image size-large is-style-rounded is-style-rounded--4\"><img data-recalc-dims=\"1\" loading=\"lazy\" decoding=\"async\" width=\"768\" height=\"1024\" src=\"https:\/\/i0.wp.com\/equitea.es\/site\/wp-content\/uploads\/2023\/12\/1.jpeg?resize=768%2C1024&#038;ssl=1\" alt=\"\" class=\"wp-image-228\" style=\"aspect-ratio:9\/16;object-fit:cover\" srcset=\"https:\/\/i0.wp.com\/equitea.es\/site\/wp-content\/uploads\/2023\/12\/1.jpeg?resize=768%2C1024&amp;ssl=1 768w, https:\/\/i0.wp.com\/equitea.es\/site\/wp-content\/uploads\/2023\/12\/1.jpeg?resize=225%2C300&amp;ssl=1 225w, https:\/\/i0.wp.com\/equitea.es\/site\/wp-content\/uploads\/2023\/12\/1.jpeg?resize=1152%2C1536&amp;ssl=1 1152w, https:\/\/i0.wp.com\/equitea.es\/site\/wp-content\/uploads\/2023\/12\/1.jpeg?w=1536&amp;ssl=1 1536w\" sizes=\"auto, (max-width: 768px) 100vw, 768px\" \/><\/figure>\n<\/div>\n<\/div>\n\n\n\n<div class=\"wp-block-column is-layout-flow wp-block-column-is-layout-flow\" style=\"flex-basis:40%\">\n<div class=\"wp-block-group has-global-padding is-layout-constrained wp-block-group-is-layout-constrained\">\n<figure class=\"wp-block-image size-large is-style-rounded is-style-rounded--5\"><img data-recalc-dims=\"1\" loading=\"lazy\" decoding=\"async\" width=\"1024\" height=\"768\" src=\"https:\/\/i0.wp.com\/equitea.es\/site\/wp-content\/uploads\/2023\/12\/daf02ebe-7bd6-4fa0-ba62-1f3ff143db1b.jpg?resize=1024%2C768&#038;ssl=1\" alt=\"\" class=\"wp-image-265\" srcset=\"https:\/\/i0.wp.com\/equitea.es\/site\/wp-content\/uploads\/2023\/12\/daf02ebe-7bd6-4fa0-ba62-1f3ff143db1b.jpg?resize=1024%2C768&amp;ssl=1 1024w, https:\/\/i0.wp.com\/equitea.es\/site\/wp-content\/uploads\/2023\/12\/daf02ebe-7bd6-4fa0-ba62-1f3ff143db1b.jpg?resize=300%2C225&amp;ssl=1 300w, https:\/\/i0.wp.com\/equitea.es\/site\/wp-content\/uploads\/2023\/12\/daf02ebe-7bd6-4fa0-ba62-1f3ff143db1b.jpg?resize=768%2C576&amp;ssl=1 768w, https:\/\/i0.wp.com\/equitea.es\/site\/wp-content\/uploads\/2023\/12\/daf02ebe-7bd6-4fa0-ba62-1f3ff143db1b.jpg?resize=1536%2C1152&amp;ssl=1 1536w, https:\/\/i0.wp.com\/equitea.es\/site\/wp-content\/uploads\/2023\/12\/daf02ebe-7bd6-4fa0-ba62-1f3ff143db1b.jpg?w=1600&amp;ssl=1 1600w\" sizes=\"auto, (max-width: 1000px) 100vw, 1000px\" \/><\/figure>\n\n\n\n<div style=\"height:var(--wp--preset--spacing--40)\" aria-hidden=\"true\" class=\"wp-block-spacer\"><\/div>\n\n\n\n<div class=\"wp-block-group is-layout-flow wp-block-group-is-layout-flow\">\n<figure class=\"wp-block-image size-large is-style-rounded is-style-rounded--6\"><img data-recalc-dims=\"1\" loading=\"lazy\" decoding=\"async\" width=\"768\" height=\"1024\" src=\"https:\/\/i0.wp.com\/equitea.es\/site\/wp-content\/uploads\/2023\/12\/IMG_0121.jpg?resize=768%2C1024&#038;ssl=1\" alt=\"\" class=\"wp-image-321\" style=\"aspect-ratio:9\/16;object-fit:cover\" srcset=\"https:\/\/i0.wp.com\/equitea.es\/site\/wp-content\/uploads\/2023\/12\/IMG_0121-scaled.jpg?resize=768%2C1024&amp;ssl=1 768w, https:\/\/i0.wp.com\/equitea.es\/site\/wp-content\/uploads\/2023\/12\/IMG_0121-scaled.jpg?resize=225%2C300&amp;ssl=1 225w, https:\/\/i0.wp.com\/equitea.es\/site\/wp-content\/uploads\/2023\/12\/IMG_0121-scaled.jpg?resize=1152%2C1536&amp;ssl=1 1152w, https:\/\/i0.wp.com\/equitea.es\/site\/wp-content\/uploads\/2023\/12\/IMG_0121-scaled.jpg?resize=1536%2C2048&amp;ssl=1 1536w, https:\/\/i0.wp.com\/equitea.es\/site\/wp-content\/uploads\/2023\/12\/IMG_0121-scaled.jpg?w=1920&amp;ssl=1 1920w\" sizes=\"auto, (max-width: 768px) 100vw, 768px\" \/><\/figure>\n<\/div>\n<\/div>\n<\/div>\n<\/div>\n<\/div>\n\n\n\n<div class=\"wp-block-group alignfull has-base-2-color has-contrast-background-color has-text-color has-background has-link-color wp-elements-c3bf54ed60a3efa9bfc1dd348157d259 has-global-padding is-layout-constrained wp-container-core-group-is-layout-facafb6f wp-block-group-is-layout-constrained\" style=\"margin-top:0;margin-bottom:0;padding-top:var(--wp--preset--spacing--50);padding-right:var(--wp--preset--spacing--50);padding-bottom:var(--wp--preset--spacing--50);padding-left:var(--wp--preset--spacing--50)\">\n<div class=\"wp-block-columns alignwide is-layout-flex wp-container-core-columns-is-layout-d1c656ed wp-block-columns-is-layout-flex\">\n<div class=\"wp-block-column is-layout-flow wp-block-column-is-layout-flow\">\n<figure class=\"wp-block-image size-large is-style-rounded is-style-rounded--7\"><img data-recalc-dims=\"1\" loading=\"lazy\" decoding=\"async\" width=\"1024\" height=\"970\" src=\"https:\/\/i0.wp.com\/equitea.es\/site\/wp-content\/uploads\/2023\/12\/IMG_0226.jpg?resize=1024%2C970&#038;ssl=1\" alt=\"\" class=\"wp-image-324\" srcset=\"https:\/\/i0.wp.com\/equitea.es\/site\/wp-content\/uploads\/2023\/12\/IMG_0226.jpg?resize=1024%2C970&amp;ssl=1 1024w, https:\/\/i0.wp.com\/equitea.es\/site\/wp-content\/uploads\/2023\/12\/IMG_0226.jpg?resize=300%2C284&amp;ssl=1 300w, https:\/\/i0.wp.com\/equitea.es\/site\/wp-content\/uploads\/2023\/12\/IMG_0226.jpg?resize=768%2C727&amp;ssl=1 768w, https:\/\/i0.wp.com\/equitea.es\/site\/wp-content\/uploads\/2023\/12\/IMG_0226.jpg?resize=1536%2C1455&amp;ssl=1 1536w, https:\/\/i0.wp.com\/equitea.es\/site\/wp-content\/uploads\/2023\/12\/IMG_0226.jpg?resize=2048%2C1939&amp;ssl=1 2048w\" sizes=\"auto, (max-width: 1000px) 100vw, 1000px\" \/><\/figure>\n\n\n\n<figure class=\"wp-block-image size-large is-style-rounded is-style-rounded--8\"><img data-recalc-dims=\"1\" loading=\"lazy\" decoding=\"async\" width=\"768\" height=\"1024\" src=\"https:\/\/i0.wp.com\/equitea.es\/site\/wp-content\/uploads\/2023\/12\/IMG_1282-1.jpeg?resize=768%2C1024&#038;ssl=1\" alt=\"\" class=\"wp-image-291\" srcset=\"https:\/\/i0.wp.com\/equitea.es\/site\/wp-content\/uploads\/2023\/12\/IMG_1282-1.jpeg?resize=768%2C1024&amp;ssl=1 768w, https:\/\/i0.wp.com\/equitea.es\/site\/wp-content\/uploads\/2023\/12\/IMG_1282-1.jpeg?resize=225%2C300&amp;ssl=1 225w, https:\/\/i0.wp.com\/equitea.es\/site\/wp-content\/uploads\/2023\/12\/IMG_1282-1.jpeg?resize=1152%2C1536&amp;ssl=1 1152w, https:\/\/i0.wp.com\/equitea.es\/site\/wp-content\/uploads\/2023\/12\/IMG_1282-1.jpeg?w=1536&amp;ssl=1 1536w\" sizes=\"auto, (max-width: 768px) 100vw, 768px\" \/><\/figure>\n\n\n\n<figure class=\"wp-block-image size-full is-style-rounded is-style-rounded--9\"><img data-recalc-dims=\"1\" loading=\"lazy\" decoding=\"async\" width=\"1024\" height=\"768\" src=\"https:\/\/i0.wp.com\/equitea.es\/site\/wp-content\/uploads\/2023\/12\/affb8605-f6bb-4292-b66f-31a32a001fd6.jpg?resize=1024%2C768&#038;ssl=1\" alt=\"\" class=\"wp-image-285\" srcset=\"https:\/\/i0.wp.com\/equitea.es\/site\/wp-content\/uploads\/2023\/12\/affb8605-f6bb-4292-b66f-31a32a001fd6.jpg?w=1024&amp;ssl=1 1024w, https:\/\/i0.wp.com\/equitea.es\/site\/wp-content\/uploads\/2023\/12\/affb8605-f6bb-4292-b66f-31a32a001fd6.jpg?resize=300%2C225&amp;ssl=1 300w, https:\/\/i0.wp.com\/equitea.es\/site\/wp-content\/uploads\/2023\/12\/affb8605-f6bb-4292-b66f-31a32a001fd6.jpg?resize=768%2C576&amp;ssl=1 768w\" sizes=\"auto, (max-width: 1000px) 100vw, 1000px\" \/><\/figure>\n<\/div>\n\n\n\n<div class=\"wp-block-column is-vertically-aligned-stretch is-layout-flow wp-block-column-is-layout-flow\" style=\"padding-right:0;flex-basis:60%\">\n<div class=\"wp-block-group is-vertical is-content-justification-stretch is-layout-flex wp-container-core-group-is-layout-ae24f51d wp-block-group-is-layout-flex\" style=\"min-height:100%\">\n<figure class=\"wp-block-image size-large is-style-rounded is-style-rounded--10\"><img data-recalc-dims=\"1\" loading=\"lazy\" decoding=\"async\" width=\"606\" height=\"1024\" src=\"https:\/\/i0.wp.com\/equitea.es\/site\/wp-content\/uploads\/2023\/12\/IMG_1618.jpeg?resize=606%2C1024&#038;ssl=1\" alt=\"\" class=\"wp-image-293\" style=\"aspect-ratio:3\/4;object-fit:cover\" srcset=\"https:\/\/i0.wp.com\/equitea.es\/site\/wp-content\/uploads\/2023\/12\/IMG_1618.jpeg?resize=606%2C1024&amp;ssl=1 606w, https:\/\/i0.wp.com\/equitea.es\/site\/wp-content\/uploads\/2023\/12\/IMG_1618.jpeg?resize=177%2C300&amp;ssl=1 177w, https:\/\/i0.wp.com\/equitea.es\/site\/wp-content\/uploads\/2023\/12\/IMG_1618.jpeg?resize=768%2C1298&amp;ssl=1 768w, https:\/\/i0.wp.com\/equitea.es\/site\/wp-content\/uploads\/2023\/12\/IMG_1618.jpeg?resize=909%2C1536&amp;ssl=1 909w, https:\/\/i0.wp.com\/equitea.es\/site\/wp-content\/uploads\/2023\/12\/IMG_1618.jpeg?resize=1211%2C2048&amp;ssl=1 1211w, https:\/\/i0.wp.com\/equitea.es\/site\/wp-content\/uploads\/2023\/12\/IMG_1618.jpeg?w=1364&amp;ssl=1 1364w\" sizes=\"auto, (max-width: 606px) 100vw, 606px\" \/><\/figure>\n<\/div>\n<\/div>\n<\/div>\n<\/div>\n","protected":false},"excerpt":{"rendered":"<p>Servicios &#8211; Terapias Ecuestres Practicar y disfrutar de actividades terap\u00e9uticas en compa\u00f1\u00eda de un animal tan especial como el Caballo contribuye muy positivamente al desarrollo cognitivo, f\u00edsico, emocional, social y ocupacional de las personas que tienen alg\u00fan tipo de discapacidad o necesidad especial. Servicios &#8211; Terapias Ecuestres El Caballo juega un papel fundamental como agente [&hellip;]<\/p>\n","protected":false},"author":2,"featured_media":0,"parent":103,"menu_order":1,"comment_status":"closed","ping_status":"closed","template":"","meta":{"footnotes":""},"class_list":["post-326","page","type-page","status-publish","hentry"],"jetpack_sharing_enabled":true,"_links":{"self":[{"href":"https:\/\/equitea.es\/site\/wp-json\/wp\/v2\/pages\/326","targetHints":{"allow":["GET"]}}],"collection":[{"href":"https:\/\/equitea.es\/site\/wp-json\/wp\/v2\/pages"}],"about":[{"href":"https:\/\/equitea.es\/site\/wp-json\/wp\/v2\/types\/page"}],"author":[{"embeddable":true,"href":"https:\/\/equitea.es\/site\/wp-json\/wp\/v2\/users\/2"}],"replies":[{"embeddable":true,"href":"https:\/\/equitea.es\/site\/wp-json\/wp\/v2\/comments?post=326"}],"version-history":[{"count":8,"href":"https:\/\/equitea.es\/site\/wp-json\/wp\/v2\/pages\/326\/revisions"}],"predecessor-version":[{"id":706,"href":"https:\/\/equitea.es\/site\/wp-json\/wp\/v2\/pages\/326\/revisions\/706"}],"up":[{"embeddable":true,"href":"https:\/\/equitea.es\/site\/wp-json\/wp\/v2\/pages\/103"}],"wp:attachment":[{"href":"https:\/\/equitea.es\/site\/wp-json\/wp\/v2\/media?parent=326"}],"curies":[{"name":"wp","href":"https:\/\/api.w.org\/{rel}","templated":true}]}}