{"id":166,"date":"2023-12-05T17:02:32","date_gmt":"2023-12-05T16:02:32","guid":{"rendered":"https:\/\/equitea.es\/site\/?page_id=166"},"modified":"2025-02-02T12:35:47","modified_gmt":"2025-02-02T11:35:47","slug":"nosotros","status":"publish","type":"page","link":"https:\/\/equitea.es\/site\/nosotros\/","title":{"rendered":"Nosotros"},"content":{"rendered":"\n<div class=\"wp-block-group alignfull has-base-2-background-color has-background has-global-padding is-layout-constrained wp-container-core-group-is-layout-669513ed wp-block-group-is-layout-constrained\" style=\"margin-top:0;margin-bottom:0;padding-top:var(--wp--preset--spacing--50);padding-right:var(--wp--preset--spacing--50);padding-bottom:var(--wp--preset--spacing--50);padding-left:var(--wp--preset--spacing--50)\">\n<div class=\"wp-block-columns alignwide is-layout-flex wp-container-core-columns-is-layout-28f84493 wp-block-columns-is-layout-flex\">\n<div class=\"wp-block-column is-layout-flow wp-block-column-is-layout-flow\" style=\"flex-basis:40%\">\n<p class=\"wp-container-content-0733e5d0\">Quienes Somos &#8211; <\/p>\n<\/div>\n\n\n\n<div class=\"wp-block-column is-layout-flow wp-block-column-is-layout-flow\" style=\"flex-basis:60%\">\n<p class=\"has-heading-font-family has-x-large-font-size\" style=\"line-height:1.2\">La<strong> <em>Asociaci\u00f3n equiTEA<\/em><\/strong> es un equipo de profesionales cualificados y especialistas constituido como Organizaci\u00f3n sin \u00c1nimo de Lucro<\/p>\n<\/div>\n<\/div>\n\n\n\n<div style=\"height:var(--wp--preset--spacing--40)\" aria-hidden=\"true\" class=\"wp-block-spacer\"><\/div>\n\n\n\n<figure class=\"wp-block-image size-full is-style-rounded is-style-rounded--1\"><img data-recalc-dims=\"1\" loading=\"lazy\" decoding=\"async\" width=\"1600\" height=\"1200\" src=\"https:\/\/i0.wp.com\/equitea.es\/site\/wp-content\/uploads\/2023\/12\/EQUIPO-EQUITEA.jpg?resize=1600%2C1200&#038;ssl=1\" alt=\"\" class=\"wp-image-214\" srcset=\"https:\/\/i0.wp.com\/equitea.es\/site\/wp-content\/uploads\/2023\/12\/EQUIPO-EQUITEA.jpg?w=1600&amp;ssl=1 1600w, https:\/\/i0.wp.com\/equitea.es\/site\/wp-content\/uploads\/2023\/12\/EQUIPO-EQUITEA.jpg?resize=300%2C225&amp;ssl=1 300w, https:\/\/i0.wp.com\/equitea.es\/site\/wp-content\/uploads\/2023\/12\/EQUIPO-EQUITEA.jpg?resize=1024%2C768&amp;ssl=1 1024w, https:\/\/i0.wp.com\/equitea.es\/site\/wp-content\/uploads\/2023\/12\/EQUIPO-EQUITEA.jpg?resize=768%2C576&amp;ssl=1 768w, https:\/\/i0.wp.com\/equitea.es\/site\/wp-content\/uploads\/2023\/12\/EQUIPO-EQUITEA.jpg?resize=1536%2C1152&amp;ssl=1 1536w\" sizes=\"auto, (max-width: 1000px) 100vw, 1000px\" \/><\/figure>\n<\/div>\n\n\n\n<div class=\"wp-block-group alignfull has-base-background-color has-background has-global-padding is-layout-constrained wp-container-core-group-is-layout-d89aad35 wp-block-group-is-layout-constrained\" style=\"margin-top:0;margin-bottom:0;padding-top:var(--wp--preset--spacing--50);padding-right:var(--wp--preset--spacing--50);padding-bottom:var(--wp--preset--spacing--50);padding-left:var(--wp--preset--spacing--50)\">\n<div class=\"wp-block-columns alignwide is-layout-flex wp-container-core-columns-is-layout-549b0c86 wp-block-columns-is-layout-flex\">\n<div class=\"wp-block-column has-global-padding is-content-justification-left is-layout-constrained wp-container-core-column-is-layout-4f15e8fe wp-block-column-is-layout-constrained\" style=\"flex-basis:40%\">\n<p>Fundada en el a\u00f1o 2013 de la mano de Marta Alonso Pila, Psic\u00f3loga Cl\u00ednica especialista en Terapias Ecuestres e Intervenciones con personas con Trastornos del Espectro del Autismo (TEA), m\u00e1s un equipo multidisciplinar cualificado formado por Fisioterapeuta, Educadores y T\u00e9cnicos Deportivos en Equitaci\u00f3n. Su sede durante 11 a\u00f1os se ubicaba en unos de los<strong> mejores clubs h\u00edpicos de toda Espa\u00f1a,<\/strong> libre de barreras arquitect\u00f3nicas y galardonado con<strong> cuatro estribos<\/strong> por la Real Federaci\u00f3n Andaluza de H\u00edpica, <strong><em>El Zaud\u00edn<\/em><\/strong>, situado en el coraz\u00f3n del Aljarafe sevillano. Ahora nos encontramos en una preciosa finca en Sanl\u00facar la Mayor rodeados de naturaleza y animales de granja, adem\u00e1s de nuestra manada, donde <strong>equiTEA<\/strong> ofrece un amplio abanico de actividades cuyos beneficios a corto y largo plazo se hacen m\u00e1s que evidentes para los usuarios de estas pr\u00e1cticas y sus familias. Adem\u00e1s de la transferencia de los aprendizajes adquiridos a otros contextos..<\/p>\n\n\n\n<figure class=\"wp-block-image size-full\"><img data-recalc-dims=\"1\" loading=\"lazy\" decoding=\"async\" width=\"633\" height=\"840\" src=\"https:\/\/i0.wp.com\/equitea.es\/site\/wp-content\/uploads\/2023\/12\/EQUITEA.jpeg?resize=633%2C840&#038;ssl=1\" alt=\"\" class=\"wp-image-213\" srcset=\"https:\/\/i0.wp.com\/equitea.es\/site\/wp-content\/uploads\/2023\/12\/EQUITEA.jpeg?w=633&amp;ssl=1 633w, https:\/\/i0.wp.com\/equitea.es\/site\/wp-content\/uploads\/2023\/12\/EQUITEA.jpeg?resize=226%2C300&amp;ssl=1 226w\" sizes=\"auto, (max-width: 633px) 100vw, 633px\" \/><\/figure>\n\n\n\n<figure class=\"wp-block-image size-full\"><img data-recalc-dims=\"1\" loading=\"lazy\" decoding=\"async\" width=\"800\" height=\"2000\" src=\"https:\/\/i0.wp.com\/equitea.es\/site\/wp-content\/uploads\/2023\/12\/EQUITEA.jpg-2.jpg?resize=800%2C2000&#038;ssl=1\" alt=\"\" class=\"wp-image-271\" srcset=\"https:\/\/i0.wp.com\/equitea.es\/site\/wp-content\/uploads\/2023\/12\/EQUITEA.jpg-2.jpg?w=800&amp;ssl=1 800w, https:\/\/i0.wp.com\/equitea.es\/site\/wp-content\/uploads\/2023\/12\/EQUITEA.jpg-2.jpg?resize=120%2C300&amp;ssl=1 120w, https:\/\/i0.wp.com\/equitea.es\/site\/wp-content\/uploads\/2023\/12\/EQUITEA.jpg-2.jpg?resize=410%2C1024&amp;ssl=1 410w, https:\/\/i0.wp.com\/equitea.es\/site\/wp-content\/uploads\/2023\/12\/EQUITEA.jpg-2.jpg?resize=768%2C1920&amp;ssl=1 768w, https:\/\/i0.wp.com\/equitea.es\/site\/wp-content\/uploads\/2023\/12\/EQUITEA.jpg-2.jpg?resize=614%2C1536&amp;ssl=1 614w\" sizes=\"auto, (max-width: 800px) 100vw, 800px\" \/><\/figure>\n<\/div>\n\n\n\n<div class=\"wp-block-column is-layout-flow wp-container-core-column-is-layout-119bc444 wp-block-column-is-layout-flow\" style=\"flex-basis:60%\">\n<p class=\"has-heading-font-family has-x-large-font-size\" style=\"line-height:1.2\">Nuestra misi\u00f3n es la de acercar el Mundo del Caballo, y sus m\u00faltiples oportunidades de diversi\u00f3n y aprendizaje, a las personas con Diversidad Funcional, cuyo acceso a los recursos comunitarios es restringido bien por falta de medios econ\u00f3micos, de personal cualificado, o por la reducci\u00f3n de sus derechos por el hecho de presentar una discapacidad o necesidad espec\u00edfica..<\/p>\n\n\n\n<div class=\"wp-block-columns is-layout-flex wp-container-core-columns-is-layout-87beb0d0 wp-block-columns-is-layout-flex\">\n<div class=\"wp-block-column is-layout-flow wp-block-column-is-layout-flow\">\n<p class=\"wp-container-content-9cfa9a5a\">Las&nbsp;<strong>Intervenciones Asistidas con Caballos<\/strong>&nbsp;(IAC) son una alternativa terap\u00e9utica complementaria a las tradicionales, basadas en la utilizaci\u00f3n del<strong> Caballo<\/strong> como&nbsp;<strong>elemento integrador, motivador y rehabilitador<\/strong>, guiado por un equipo multidisciplinar de profesionales en un contexto l\u00fadico y rodeados de naturaleza viva. El caballo es elegido como elemento nuclear de las actividades por su car\u00e1cter noble y sociable, por su gran capacidad de aprendizaje y sensibilidad, por su estructura corporal y la biomec\u00e1nica de sus movimientos. Los cambios positivos que se producen en quienes practican estas disciplinas se desprenden de los tres principios b\u00e1sicos que fundamentan la&nbsp;<strong>Monta Terap\u00e9utica<\/strong>:<\/p>\n\n\n\n<p>&#8211; Transmisi\u00f3n del&nbsp;<strong>Calor<\/strong>&nbsp;corporal del caballo al jinete\/amazona, que se aprovecha como instrumento calor\u00edfico para regular, distender y relajar la musculatura, estimular la percepci\u00f3n t\u00e1ctil y la propiocepci\u00f3n en general.<\/p>\n\n\n\n<p>&#8211; Transmisi\u00f3n de los&nbsp;<strong>Impulsos R\u00edtmicos<\/strong>, que estimula el organismo al completo favoreciendo y aumentando la capacidad de los Sistemas Nervioso, Motor, Circulatorio, Respiratorio y Digestivo; el enderezamiento del tronco y la normalizaci\u00f3n de los reflejos posturales, el equilibrio y la coordinaci\u00f3n.<\/p>\n\n\n\n<p>&#8211; Transmisi\u00f3n de la&nbsp;<strong>Cadencia<\/strong>&nbsp;del paso semejante a la marcha humana, capaz de provocar cambios a nivel neuronal e instaurar el patr\u00f3n de marcha o bipedestaci\u00f3n en personas que no han tenido la oportunidad de caminar.<\/p>\n<\/div>\n\n\n\n<div class=\"wp-block-column is-layout-flow wp-block-column-is-layout-flow\">\n<p>Adem\u00e1s, observamos c\u00f3mo el contacto con el caballo y la relaci\u00f3n que se establece con \u00e9ste imprime en el jinete sentimientos de&nbsp;<strong>seguridad, amor y protecci\u00f3n<\/strong>&nbsp;para poder reconstruir la confianza y la aceptaci\u00f3n de uno mismo. Mejora la <strong>autoestima<\/strong> y favorece el desarrollo de la <strong>empat\u00eda<\/strong>, as\u00ed como el de un \u00ab<strong>aprender jugando<\/strong>\u00bb mediante t\u00e9cnicas validadas cient\u00edficamente y empleadas en gabinetes, cl\u00ednicas o centros escolares.<\/p>\n\n\n\n<p>Pero no solo observamos beneficios en los propios jinetes que disfrutan de esta pr\u00e1ctica, sino tambi\u00e9n en sus familias. Pasar tiempo en&nbsp;<strong>entornos naturales<\/strong>, respirando aire puro y en contacto con animales representa una variable amortiguadora del estr\u00e9s que suaviza el impacto de los sucesos negativos de la vida diaria. Adem\u00e1s, al observarlos montados sobre un animal tan grande y compartir esta actividad con ellos, tanto padres como hermanos incrementan el <strong>sentido de confianza y orgullo<\/strong> hacia ellos, lo que les permite apoyarlos en su autodeterminaci\u00f3n y autonom\u00eda. Esto favorece a su vez el <strong>sentido de logro<\/strong> personal del propio alumno\/a para prepararlo para el futuro, invirtiendo en los familiares el proceso de proteccionismo por el de capacitaci\u00f3n. As\u00ed es que durante el ejercicio de esta actividad el \u00abrol de cuidado\u00bb al que est\u00e1n acostumbrados estas personas se invierte por el de \u00abcuidador\u00bb, ya que se les hace responsable del bienestar del caballo y se potencia la sensaci\u00f3n de normalidad del alumno.<\/p>\n\n\n\n<p>De esta manera, se aprenden y comparten pautas de actuaci\u00f3n positivas y distintas para trabajar en las actividades de la vida diaria. A la vez que se rehabilita el cuerpo y se reeduca la mente desde los procesos m\u00e1s b\u00e1sicos y naturales.<\/p>\n<\/div>\n<\/div>\n<\/div>\n<\/div>\n<\/div>\n\n\n\n<figure class=\"wp-block-image size-full\"><img data-recalc-dims=\"1\" loading=\"lazy\" decoding=\"async\" width=\"960\" height=\"960\" src=\"https:\/\/i0.wp.com\/equitea.es\/site\/wp-content\/uploads\/2023\/12\/IMG_2466.jpg?resize=960%2C960&#038;ssl=1\" alt=\"\" class=\"wp-image-391\" srcset=\"https:\/\/i0.wp.com\/equitea.es\/site\/wp-content\/uploads\/2023\/12\/IMG_2466.jpg?w=960&amp;ssl=1 960w, https:\/\/i0.wp.com\/equitea.es\/site\/wp-content\/uploads\/2023\/12\/IMG_2466.jpg?resize=300%2C300&amp;ssl=1 300w, https:\/\/i0.wp.com\/equitea.es\/site\/wp-content\/uploads\/2023\/12\/IMG_2466.jpg?resize=150%2C150&amp;ssl=1 150w, https:\/\/i0.wp.com\/equitea.es\/site\/wp-content\/uploads\/2023\/12\/IMG_2466.jpg?resize=768%2C768&amp;ssl=1 768w\" sizes=\"auto, (max-width: 960px) 100vw, 960px\" \/><\/figure>\n\n\n\n<figure class=\"wp-block-image size-full\"><img data-recalc-dims=\"1\" loading=\"lazy\" decoding=\"async\" width=\"960\" height=\"960\" src=\"https:\/\/i0.wp.com\/equitea.es\/site\/wp-content\/uploads\/2023\/12\/IMG_2467-1.jpg?resize=960%2C960&#038;ssl=1\" alt=\"\" class=\"wp-image-392\" srcset=\"https:\/\/i0.wp.com\/equitea.es\/site\/wp-content\/uploads\/2023\/12\/IMG_2467-1.jpg?w=960&amp;ssl=1 960w, https:\/\/i0.wp.com\/equitea.es\/site\/wp-content\/uploads\/2023\/12\/IMG_2467-1.jpg?resize=300%2C300&amp;ssl=1 300w, https:\/\/i0.wp.com\/equitea.es\/site\/wp-content\/uploads\/2023\/12\/IMG_2467-1.jpg?resize=150%2C150&amp;ssl=1 150w, https:\/\/i0.wp.com\/equitea.es\/site\/wp-content\/uploads\/2023\/12\/IMG_2467-1.jpg?resize=768%2C768&amp;ssl=1 768w\" sizes=\"auto, (max-width: 960px) 100vw, 960px\" \/><\/figure>\n\n\n\n<div class=\"wp-block-group alignfull has-contrast-2-background-color has-background has-global-padding is-layout-constrained wp-container-core-group-is-layout-7cd14b77 wp-block-group-is-layout-constrained\" style=\"margin-top:0;margin-bottom:0;padding-top:var(--wp--preset--spacing--60);padding-right:var(--wp--preset--spacing--60);padding-bottom:var(--wp--preset--spacing--60);padding-left:var(--wp--preset--spacing--60)\">\n<div class=\"wp-block-group alignwide is-layout-flow wp-block-group-is-layout-flow\">\n<div style=\"height:var(--wp--preset--spacing--50)\" aria-hidden=\"true\" class=\"wp-block-spacer\"><\/div>\n\n\n\n<p class=\"has-text-align-center has-heading-font-family has-x-large-font-size\" style=\"font-style:normal;font-weight:400;line-height:1.2\"><em><strong>Y hay mil razones m\u00e1s que hacen de estas pr\u00e1cticas un regalo. \u00a1Consulta sin compromiso, la primera sesi\u00f3n es gratuita!<\/strong><\/em><\/p>\n\n\n\n<div style=\"height:var(--wp--preset--spacing--50)\" aria-hidden=\"true\" class=\"wp-block-spacer\"><\/div>\n<\/div>\n<\/div>\n\n\n\n<figure class=\"wp-block-embed is-type-video is-provider-youtube wp-block-embed-youtube wp-embed-aspect-16-9 wp-has-aspect-ratio\"><div class=\"wp-block-embed__wrapper\">\n<iframe loading=\"lazy\" title=\"EQUITEA , todos montamos\" width=\"500\" height=\"281\" src=\"https:\/\/www.youtube.com\/embed\/10xgUzyWRPg?feature=oembed\" frameborder=\"0\" allow=\"accelerometer; autoplay; clipboard-write; encrypted-media; gyroscope; picture-in-picture; web-share\" referrerpolicy=\"strict-origin-when-cross-origin\" allowfullscreen><\/iframe>\n<\/div><\/figure>\n\n\n\n<figure class=\"wp-block-embed is-type-video is-provider-youtube wp-block-embed-youtube wp-embed-aspect-16-9 wp-has-aspect-ratio\"><div class=\"wp-block-embed__wrapper\">\n<iframe loading=\"lazy\" title=\"Animales de terapia para personas con Alzheimer \ud83e\uddae\ud83d\udc34!Gracias por vuestra labor!#patasarriba\" width=\"500\" height=\"281\" src=\"https:\/\/www.youtube.com\/embed\/nN21gcvovJU?feature=oembed\" frameborder=\"0\" allow=\"accelerometer; autoplay; clipboard-write; encrypted-media; gyroscope; picture-in-picture; web-share\" referrerpolicy=\"strict-origin-when-cross-origin\" allowfullscreen><\/iframe>\n<\/div><\/figure>\n","protected":false},"excerpt":{"rendered":"<p>Quienes Somos &#8211; La Asociaci\u00f3n equiTEA es un equipo de profesionales cualificados y especialistas constituido como Organizaci\u00f3n sin \u00c1nimo de Lucro Fundada en el a\u00f1o 2013 de la mano de Marta Alonso Pila, Psic\u00f3loga Cl\u00ednica especialista en Terapias Ecuestres e Intervenciones con personas con Trastornos del Espectro del Autismo (TEA), m\u00e1s un equipo multidisciplinar cualificado [&hellip;]<\/p>\n","protected":false},"author":2,"featured_media":0,"parent":0,"menu_order":0,"comment_status":"closed","ping_status":"closed","template":"page-no-title","meta":{"footnotes":""},"class_list":["post-166","page","type-page","status-publish","hentry"],"jetpack_sharing_enabled":true,"_links":{"self":[{"href":"https:\/\/equitea.es\/site\/wp-json\/wp\/v2\/pages\/166","targetHints":{"allow":["GET"]}}],"collection":[{"href":"https:\/\/equitea.es\/site\/wp-json\/wp\/v2\/pages"}],"about":[{"href":"https:\/\/equitea.es\/site\/wp-json\/wp\/v2\/types\/page"}],"author":[{"embeddable":true,"href":"https:\/\/equitea.es\/site\/wp-json\/wp\/v2\/users\/2"}],"replies":[{"embeddable":true,"href":"https:\/\/equitea.es\/site\/wp-json\/wp\/v2\/comments?post=166"}],"version-history":[{"count":8,"href":"https:\/\/equitea.es\/site\/wp-json\/wp\/v2\/pages\/166\/revisions"}],"predecessor-version":[{"id":631,"href":"https:\/\/equitea.es\/site\/wp-json\/wp\/v2\/pages\/166\/revisions\/631"}],"wp:attachment":[{"href":"https:\/\/equitea.es\/site\/wp-json\/wp\/v2\/media?parent=166"}],"curies":[{"name":"wp","href":"https:\/\/api.w.org\/{rel}","templated":true}]}}