{"id":103,"date":"2023-12-04T23:42:11","date_gmt":"2023-12-04T22:42:11","guid":{"rendered":"https:\/\/equitea.es\/site\/?page_id=103"},"modified":"2023-12-11T13:10:47","modified_gmt":"2023-12-11T12:10:47","slug":"servicios","status":"publish","type":"page","link":"https:\/\/equitea.es\/site\/servicios\/","title":{"rendered":"Servicios"},"content":{"rendered":"\n<div class=\"wp-block-group alignfull has-base-2-background-color has-background has-global-padding is-layout-constrained wp-container-core-group-is-layout-669513ed wp-block-group-is-layout-constrained\" style=\"margin-top:0;margin-bottom:0;padding-top:var(--wp--preset--spacing--50);padding-right:var(--wp--preset--spacing--50);padding-bottom:var(--wp--preset--spacing--50);padding-left:var(--wp--preset--spacing--50)\">\n<div class=\"wp-block-group is-vertical is-content-justification-center is-layout-flex wp-container-core-group-is-layout-52b864f0 wp-block-group-is-layout-flex\">\n<h2 class=\"wp-block-heading has-text-align-center is-style-asterisk\"><strong>Servicios<\/strong><\/h2>\n\n\n\n<div style=\"height:0px\" aria-hidden=\"true\" class=\"wp-block-spacer wp-container-content-4f2ccadb\"><\/div>\n\n\n\n<p class=\"has-text-align-center\"><em>En la&nbsp;Escuela Inclusiva de Actividades Ecuestres&nbsp;<strong>equiTEA<\/strong>, dise\u00f1amos a medida todas las actividades que realizamos seg\u00fan inter\u00e9s, edad y necesidades de apoyo de los participantes, y tienen como principal objetivo el&nbsp;<strong>Desarrollo Positivo Integral de la Persona<\/strong>&nbsp;y la&nbsp;<strong>Mejora de la Calidad de Vida<\/strong>&nbsp;de \u00e9sta y su Familia y\/o entorno a trav\u00e9s de las<strong>&nbsp;Intervenciones Asistidas con Caballos<\/strong>.<\/em><\/p>\n<\/div>\n\n\n\n<div style=\"margin-top:0;margin-bottom:0;height:var(--wp--preset--spacing--40)\" aria-hidden=\"true\" class=\"wp-block-spacer\"><\/div>\n\n\n\n<div class=\"wp-block-columns alignwide is-layout-flex wp-container-core-columns-is-layout-d0bbbce0 wp-block-columns-is-layout-flex\">\n<div class=\"wp-block-column is-layout-flow wp-container-core-column-is-layout-e3d1c41b wp-block-column-is-layout-flow\">\n<h3 class=\"wp-block-heading has-text-align-left is-style-asterisk has-body-font-family has-medium-font-size\" style=\"font-style:normal;font-weight:600\"><a href=\"#\">Terapias Ecuestres<\/a><\/h3>\n\n\n\n<figure class=\"wp-block-image size-full is-resized is-style-rounded is-style-rounded--1\"><img data-recalc-dims=\"1\" loading=\"lazy\" decoding=\"async\" width=\"1536\" height=\"1536\" src=\"https:\/\/i0.wp.com\/equitea.es\/site\/wp-content\/uploads\/2024\/01\/1-edited.jpeg?resize=1536%2C1536&#038;ssl=1\" alt=\"\" class=\"wp-image-417\" style=\"width:339px;height:auto\" srcset=\"https:\/\/i0.wp.com\/equitea.es\/site\/wp-content\/uploads\/2024\/01\/1-edited.jpeg?w=1536&amp;ssl=1 1536w, https:\/\/i0.wp.com\/equitea.es\/site\/wp-content\/uploads\/2024\/01\/1-edited.jpeg?resize=300%2C300&amp;ssl=1 300w, https:\/\/i0.wp.com\/equitea.es\/site\/wp-content\/uploads\/2024\/01\/1-edited.jpeg?resize=1024%2C1024&amp;ssl=1 1024w, https:\/\/i0.wp.com\/equitea.es\/site\/wp-content\/uploads\/2024\/01\/1-edited.jpeg?resize=150%2C150&amp;ssl=1 150w, https:\/\/i0.wp.com\/equitea.es\/site\/wp-content\/uploads\/2024\/01\/1-edited.jpeg?resize=768%2C768&amp;ssl=1 768w\" sizes=\"auto, (max-width: 1000px) 100vw, 1000px\" \/><\/figure>\n\n\n\n<p class=\"has-text-align-left\">Experimenta una nueva forma de rehabilitaci\u00f3n\/reeducaci\u00f3n del cuerpo y mente a trav\u00e9s de los procesos m\u00e1s b\u00e1sicos, la conexi\u00f3n emocional y el movimiento, gracias a los Caballos y la Naturaleza.<\/p>\n<\/div>\n\n\n\n<div class=\"wp-block-column is-layout-flow wp-container-core-column-is-layout-e3d1c41b wp-block-column-is-layout-flow\">\n<h3 class=\"wp-block-heading has-text-align-left is-style-asterisk has-body-font-family has-medium-font-size\" style=\"font-style:normal;font-weight:600\">Actividades Educativas<\/h3>\n\n\n\n<figure class=\"wp-block-image size-full is-resized is-style-rounded is-style-rounded--2\"><img data-recalc-dims=\"1\" loading=\"lazy\" decoding=\"async\" width=\"1520\" height=\"1200\" src=\"https:\/\/i0.wp.com\/equitea.es\/site\/wp-content\/uploads\/2023\/12\/14889c89-6d61-4b4f-9f08-dd306f55dcb3.jpeg?resize=1520%2C1200&#038;ssl=1\" alt=\"\" class=\"wp-image-300\" style=\"width:423px;height:auto\" srcset=\"https:\/\/i0.wp.com\/equitea.es\/site\/wp-content\/uploads\/2023\/12\/14889c89-6d61-4b4f-9f08-dd306f55dcb3.jpeg?w=1520&amp;ssl=1 1520w, https:\/\/i0.wp.com\/equitea.es\/site\/wp-content\/uploads\/2023\/12\/14889c89-6d61-4b4f-9f08-dd306f55dcb3.jpeg?resize=300%2C237&amp;ssl=1 300w, https:\/\/i0.wp.com\/equitea.es\/site\/wp-content\/uploads\/2023\/12\/14889c89-6d61-4b4f-9f08-dd306f55dcb3.jpeg?resize=1024%2C808&amp;ssl=1 1024w, https:\/\/i0.wp.com\/equitea.es\/site\/wp-content\/uploads\/2023\/12\/14889c89-6d61-4b4f-9f08-dd306f55dcb3.jpeg?resize=768%2C606&amp;ssl=1 768w\" sizes=\"auto, (max-width: 1000px) 100vw, 1000px\" \/><\/figure>\n\n\n\n<p class=\"has-text-align-left\">Experimenta la adquisici\u00f3n de nuevos aprendizajes significativos, en contextos naturales acompa\u00f1ados por animales, y con el juego\u00a0y la actividad como procedimientos metodol\u00f3gicos.<\/p>\n<\/div>\n\n\n\n<div class=\"wp-block-column is-layout-flow wp-container-core-column-is-layout-e3d1c41b wp-block-column-is-layout-flow\">\n<h3 class=\"wp-block-heading has-text-align-left is-style-asterisk has-body-font-family has-medium-font-size\" style=\"font-style:normal;font-weight:600\">Actividades Ocio Inclusivo<\/h3>\n\n\n\n<figure class=\"wp-block-image size-full is-resized is-style-rounded is-style-rounded--3\"><img data-recalc-dims=\"1\" loading=\"lazy\" decoding=\"async\" width=\"480\" height=\"360\" src=\"https:\/\/i0.wp.com\/equitea.es\/site\/wp-content\/uploads\/2023\/12\/3.jpg?resize=480%2C360&#038;ssl=1\" alt=\"\" class=\"wp-image-14\" style=\"width:436px;height:auto\" srcset=\"https:\/\/i0.wp.com\/equitea.es\/site\/wp-content\/uploads\/2023\/12\/3.jpg?w=480&amp;ssl=1 480w, https:\/\/i0.wp.com\/equitea.es\/site\/wp-content\/uploads\/2023\/12\/3.jpg?resize=300%2C225&amp;ssl=1 300w\" sizes=\"auto, (max-width: 480px) 100vw, 480px\" \/><\/figure>\n\n\n\n<p class=\"has-text-align-left\">El tiempo libre en la Naturaleza es una inversi\u00f3n en la salud de nuestros ni\u00f1os\/as, adem\u00e1s de la adquisici\u00f3n de valores esenciales como el cuidado, respeto y amor por nuestro entorno.<\/p>\n<\/div>\n<\/div>\n\n\n\n<div style=\"height:var(--wp--preset--spacing--20)\" aria-hidden=\"true\" class=\"wp-block-spacer\"><\/div>\n\n\n\n<div class=\"wp-block-columns alignwide is-layout-flex wp-container-core-columns-is-layout-d0bbbce0 wp-block-columns-is-layout-flex\">\n<div class=\"wp-block-column is-layout-flow wp-container-core-column-is-layout-e3d1c41b wp-block-column-is-layout-flow\">\n<h3 class=\"wp-block-heading has-text-align-left is-style-asterisk has-body-font-family has-medium-font-size\" style=\"font-style:normal;font-weight:600\">Deporte Adaptado<\/h3>\n\n\n\n<figure class=\"wp-block-image size-full has-custom-border is-style-rounded is-style-rounded--4\"><img data-recalc-dims=\"1\" loading=\"lazy\" decoding=\"async\" width=\"480\" height=\"360\" src=\"https:\/\/i0.wp.com\/equitea.es\/site\/wp-content\/uploads\/2023\/12\/4.jpg?resize=480%2C360&#038;ssl=1\" alt=\"\" class=\"wp-image-15\" style=\"border-style:none;border-width:0px\" srcset=\"https:\/\/i0.wp.com\/equitea.es\/site\/wp-content\/uploads\/2023\/12\/4.jpg?w=480&amp;ssl=1 480w, https:\/\/i0.wp.com\/equitea.es\/site\/wp-content\/uploads\/2023\/12\/4.jpg?resize=300%2C225&amp;ssl=1 300w\" sizes=\"auto, (max-width: 480px) 100vw, 480px\" \/><\/figure>\n\n\n\n<p class=\"has-text-align-left\">Experimenta la magn\u00edfica sensaci\u00f3n de conectar y cabalgar a lomos de este maravilloso ser vivo: el Caballo.<\/p>\n<\/div>\n\n\n\n<div class=\"wp-block-column is-layout-flow wp-container-core-column-is-layout-e3d1c41b wp-block-column-is-layout-flow\">\n<h3 class=\"wp-block-heading has-text-align-left is-style-asterisk has-body-font-family has-medium-font-size\" style=\"font-style:normal;font-weight:600\">Formaci\u00f3n de profesionales<\/h3>\n\n\n\n<figure class=\"wp-block-image size-full is-resized is-style-rounded is-style-rounded--5\"><img data-recalc-dims=\"1\" loading=\"lazy\" decoding=\"async\" width=\"2048\" height=\"1417\" src=\"https:\/\/i0.wp.com\/equitea.es\/site\/wp-content\/uploads\/2023\/12\/FB_IMG_1508768906883.jpg?resize=2048%2C1417&#038;ssl=1\" alt=\"\" class=\"wp-image-365\" style=\"width:400px;height:auto\" srcset=\"https:\/\/i0.wp.com\/equitea.es\/site\/wp-content\/uploads\/2023\/12\/FB_IMG_1508768906883.jpg?w=2048&amp;ssl=1 2048w, https:\/\/i0.wp.com\/equitea.es\/site\/wp-content\/uploads\/2023\/12\/FB_IMG_1508768906883.jpg?resize=300%2C208&amp;ssl=1 300w, https:\/\/i0.wp.com\/equitea.es\/site\/wp-content\/uploads\/2023\/12\/FB_IMG_1508768906883.jpg?resize=1024%2C709&amp;ssl=1 1024w, https:\/\/i0.wp.com\/equitea.es\/site\/wp-content\/uploads\/2023\/12\/FB_IMG_1508768906883.jpg?resize=768%2C531&amp;ssl=1 768w, https:\/\/i0.wp.com\/equitea.es\/site\/wp-content\/uploads\/2023\/12\/FB_IMG_1508768906883.jpg?resize=1536%2C1063&amp;ssl=1 1536w\" sizes=\"auto, (max-width: 1000px) 100vw, 1000px\" \/><\/figure>\n\n\n\n<p class=\"has-text-align-left\">Haz de tu pasi\u00f3n tu profesi\u00f3n: Intervenciones Asistidas con Animales en contextos naturales y comunitarios.<\/p>\n<\/div>\n\n\n\n<div class=\"wp-block-column is-layout-flow wp-container-core-column-is-layout-e3d1c41b wp-block-column-is-layout-flow\">\n<h3 class=\"wp-block-heading has-text-align-center is-style-asterisk has-body-font-family has-medium-font-size\" style=\"font-style:normal;font-weight:600\">Terapias asistidas con perros<\/h3>\n\n\n\n<figure class=\"wp-block-image aligncenter size-full is-resized is-style-rounded is-style-rounded--6\"><img data-recalc-dims=\"1\" loading=\"lazy\" decoding=\"async\" width=\"2560\" height=\"2560\" src=\"https:\/\/i0.wp.com\/equitea.es\/site\/wp-content\/uploads\/2024\/01\/IMG_E1054-edited-scaled.jpg?resize=2560%2C2560&#038;ssl=1\" alt=\"\" class=\"wp-image-418\" style=\"width:281px;height:auto\" srcset=\"https:\/\/i0.wp.com\/equitea.es\/site\/wp-content\/uploads\/2024\/01\/IMG_E1054-edited-scaled.jpg?w=2560&amp;ssl=1 2560w, https:\/\/i0.wp.com\/equitea.es\/site\/wp-content\/uploads\/2024\/01\/IMG_E1054-edited-scaled.jpg?resize=300%2C300&amp;ssl=1 300w, https:\/\/i0.wp.com\/equitea.es\/site\/wp-content\/uploads\/2024\/01\/IMG_E1054-edited-scaled.jpg?resize=1024%2C1024&amp;ssl=1 1024w, https:\/\/i0.wp.com\/equitea.es\/site\/wp-content\/uploads\/2024\/01\/IMG_E1054-edited-scaled.jpg?resize=150%2C150&amp;ssl=1 150w, https:\/\/i0.wp.com\/equitea.es\/site\/wp-content\/uploads\/2024\/01\/IMG_E1054-edited-scaled.jpg?resize=768%2C768&amp;ssl=1 768w, https:\/\/i0.wp.com\/equitea.es\/site\/wp-content\/uploads\/2024\/01\/IMG_E1054-edited-scaled.jpg?resize=1536%2C1536&amp;ssl=1 1536w, https:\/\/i0.wp.com\/equitea.es\/site\/wp-content\/uploads\/2024\/01\/IMG_E1054-edited-scaled.jpg?resize=2048%2C2048&amp;ssl=1 2048w\" sizes=\"auto, (max-width: 1000px) 100vw, 1000px\" \/><\/figure>\n\n\n\n<p class=\"has-text-align-center\">Experimenta la nobleza y el amor incondicional elevadas a la en\u00e9sima potencia.<\/p>\n<\/div>\n<\/div>\n<\/div>\n","protected":false},"excerpt":{"rendered":"","protected":false},"author":2,"featured_media":0,"parent":0,"menu_order":0,"comment_status":"closed","ping_status":"closed","template":"page-no-title","meta":{"footnotes":""},"class_list":["post-103","page","type-page","status-publish","hentry"],"jetpack_sharing_enabled":true,"_links":{"self":[{"href":"https:\/\/equitea.es\/site\/wp-json\/wp\/v2\/pages\/103","targetHints":{"allow":["GET"]}}],"collection":[{"href":"https:\/\/equitea.es\/site\/wp-json\/wp\/v2\/pages"}],"about":[{"href":"https:\/\/equitea.es\/site\/wp-json\/wp\/v2\/types\/page"}],"author":[{"embeddable":true,"href":"https:\/\/equitea.es\/site\/wp-json\/wp\/v2\/users\/2"}],"replies":[{"embeddable":true,"href":"https:\/\/equitea.es\/site\/wp-json\/wp\/v2\/comments?post=103"}],"version-history":[{"count":1,"href":"https:\/\/equitea.es\/site\/wp-json\/wp\/v2\/pages\/103\/revisions"}],"predecessor-version":[{"id":137,"href":"https:\/\/equitea.es\/site\/wp-json\/wp\/v2\/pages\/103\/revisions\/137"}],"wp:attachment":[{"href":"https:\/\/equitea.es\/site\/wp-json\/wp\/v2\/media?parent=103"}],"curies":[{"name":"wp","href":"https:\/\/api.w.org\/{rel}","templated":true}]}}